{"id":14582,"date":"2022-08-10T13:00:59","date_gmt":"2022-08-10T13:00:59","guid":{"rendered":"https:\/\/www.ppmco.org\/programa-de-mejora-de-calidad\/"},"modified":"2023-04-05T12:47:29","modified_gmt":"2023-04-05T12:47:29","slug":"programa-de-mejora-de-calidad","status":"publish","type":"page","link":"https:\/\/www.ppmco.org\/es\/programa-de-mejora-de-calidad\/","title":{"rendered":"Programa de Mejora de Calidad"},"content":{"rendered":"<div id=\"block_85d40f2772ee8add9e2a7e6c3dbaa693\" class=\"wpfox-page-header simple\" style=\"\">\r\n\t<div class=\"wrapper banner\">\r\n\t\t<div class=\"bg-glow\"><\/div>\r\n\t\t\t\t<div class=\"text-block\">\r\n\t\t\t\n\n<h1 class=\"wp-block-heading has-h-1-font-size\">Siempre mejorando la calidad<\/h1>\n\n\r\n\t\t<\/div>\r\n\t\t\t<\/div>\r\n\t<\/div>\n\n\n<div class=\"wp-block-group is-style-section-padding is-layout-flow wp-block-group-is-layout-flow\">\n<p class=\"is-style-default has-intro-font-size\">Priority Partners desea que los afiliados al plan reciban los mejores servicios de atenci\u00f3n de la salud. Siempre revisamos los servicios que brindamos para mejorarlos. <\/p>\n\n\n\n<h4 class=\"wp-block-heading\">\u00bfCu\u00e1les son nuestras \u00e1reas de inter\u00e9s?<\/h4>\n\n\n\n<p class=\"is-style-default\">Utilizamos mediciones nacionales y las mejores pr\u00e1cticas para asegurarnos de que nuestros afiliados reciban la mejor atenci\u00f3n y los mejores servicios. Nuestro personal de Mejora de Calidad (QI, por sus siglas en ingl\u00e9s) se centra en cuatro \u00e1reas:<\/p>\n\n\n\n<ul class=\"wp-block-list\">\n<li>Calidad organizacional<\/li>\n\n\n\n<li>Excelencia en el servicio<\/li>\n\n\n\n<li>Calidad de la atenci\u00f3n y seguridad de los afiliados<\/li>\n\n\n\n<li>Mejora de los procesos de negocios<\/li>\n<\/ul>\n\n\n\n<h4 class=\"wp-block-heading\">\u00bfCon qu\u00e9 frecuencia se nos califica?<\/h4>\n\n\n\n<ul class=\"wp-block-list\">\n<li>Mejora de Calidad (QI) siempre busca datos y tendencias. Tenemos muchos proyectos y planes vigentes. Estos proyectos se califican todos los a\u00f1os. Nos basamos en los resultados a fin de fijar las metas para el pr\u00f3ximo a\u00f1o. Puntos destacados y clasificaciones de Mejora de Calidad 2017:<\/li>\n\n\n\n<li>El Comit\u00e9 Nacional para Garant\u00eda de Calidad (National Committe for Quality Assurance, NCQA\u00ae) concedi\u00f3 a Priority Partners el Estado de Acreditaci\u00f3n Encomiable<\/li>\n\n\n\n<li>Calificaci\u00f3n de 4.0 en una escala de 5<\/li>\n\n\n\n<li>La clasificaci\u00f3n por percentil m\u00e1s alta posible (percentil 90 de NCQA) para las siguientes medidas HEDIS: Pruebas adecuadas para ni\u00f1os con faringitis, inmunizaciones infantiles (Combo 1 y Combo 10), inmunizaciones para adolescentes (Combo 1) y atenci\u00f3n posparto.<\/li>\n\n\n\n<li>Reconocimiento de auditor NCQA\u00ae HEDIS\u00ae y auditor\u00eda SEAL para 2017 HEDIS\u00ae<\/li>\n\n\n\n<li>La \u201cCalificaci\u00f3n del plan de salud\u201d, la \u201cCalificaci\u00f3n de la atenci\u00f3n de la salud\u201d y la \u201cCalificaci\u00f3n de comunicaci\u00f3n con m\u00e9dicos personales\u201d de los afiliados en conjunto llegaron al punto de referencia de acreditaci\u00f3n de 75 percentiles, tal como se midi\u00f3 mediante la encuesta anual de satisfacci\u00f3n de los afiliados. Consulte la Encuesta de Experiencia de los Afiliados 2017 (CAHPS).<\/li>\n\n\n\n<li>Informe Calificativo Sobre Desempe\u00f1o.<\/li>\n\n\n\n<li>\u00bfD\u00f3nde puedo obtener m\u00e1s informaci\u00f3n acerca de la Mejora de Calidad?<\/li>\n\n\n\n<li>Puede encontrar m\u00e1s informaci\u00f3n acerca de nuestras iniciativas de Mejora de la Calidad en los boletines \u201cSu Salud Importa\u201d.<\/li>\n<\/ul>\n\n\n\n<p class=\"is-style-default\">Todos los a\u00f1os, el Comit\u00e9 Nacional de Control de Calidad (o NCQA) califica a Priority Partners y otros planes de seguro m\u00e9dico comerciales. Las medidas est\u00e1ndar de la calidad asistencial y la experiencia del cliente permiten a las personas comparar planes y tomar decisiones informadas para s\u00ed mismos y su familia. La NCQA basa sus calificaciones anuales en el rendimiento <a href=\"https:\/\/www.ncqa.org\/hedis\/\" target=\"_blank\" rel=\"noreferrer noopener\">HEDIS<\/a>\u00ae y los puntajes <a href=\"https:\/\/www.ncqa.org\/report-cards\/health-plans\/state-of-health-care-quality-report\/about-cahps\/\" target=\"_blank\" rel=\"noreferrer noopener\">CAHPS<\/a>\u00ae. <\/p>\n<\/div>\n","protected":false},"excerpt":{"rendered":"<p>Priority Partners desea que los afiliados al plan reciban los mejores servicios de atenci\u00f3n de la salud. Siempre revisamos los&#8230;<\/p>\n","protected":false},"author":1,"featured_media":0,"parent":0,"menu_order":0,"comment_status":"closed","ping_status":"closed","template":"","meta":{"_acf_changed":false,"_relevanssi_hide_post":"","_relevanssi_hide_content":"","_relevanssi_pin_for_all":"","_relevanssi_pin_keywords":"","_relevanssi_unpin_keywords":"","_relevanssi_related_keywords":"","_relevanssi_related_include_ids":"","_relevanssi_related_exclude_ids":"","_relevanssi_related_no_append":"","_relevanssi_related_not_related":"","_relevanssi_related_posts":"12127,12167,14930,14920,14926,14950","_relevanssi_noindex_reason":"","inline_featured_image":false,"footnotes":""},"class_list":["post-14582","page","type-page","status-publish","hentry"],"acf":[],"yoast_head":"<!-- This site is optimized with the Yoast SEO plugin v27.3 - https:\/\/yoast.com\/product\/yoast-seo-wordpress\/ -->\n<title>Programa de Mejora de Calidad - Priority Partners MCO<\/title>\n<meta name=\"robots\" content=\"index, follow, max-snippet:-1, max-image-preview:large, max-video-preview:-1\" \/>\n<link rel=\"canonical\" href=\"https:\/\/www.ppmco.org\/es\/programa-de-mejora-de-calidad\/\" \/>\n<meta property=\"og:locale\" content=\"es_ES\" \/>\n<meta property=\"og:type\" content=\"article\" \/>\n<meta property=\"og:title\" content=\"Programa de Mejora de Calidad - Priority Partners MCO\" \/>\n<meta property=\"og:description\" content=\"Priority Partners desea que los afiliados al plan reciban los mejores servicios de atenci\u00f3n de la salud. Siempre revisamos los...\" \/>\n<meta property=\"og:url\" content=\"https:\/\/www.ppmco.org\/es\/programa-de-mejora-de-calidad\/\" \/>\n<meta property=\"og:site_name\" content=\"Priority Partners MCO\" \/>\n<meta property=\"article:publisher\" content=\"https:\/\/www.facebook.com\/PriorityPartners\" \/>\n<meta property=\"article:modified_time\" content=\"2023-04-05T12:47:29+00:00\" \/>\n<meta property=\"og:image\" content=\"https:\/\/www.ppmco.org\/wp-content\/uploads\/2022\/11\/PPMCO_Social-Preview_facebook-1.jpg\" \/>\n\t<meta property=\"og:image:width\" content=\"1600\" \/>\n\t<meta property=\"og:image:height\" content=\"840\" \/>\n\t<meta property=\"og:image:type\" content=\"image\/jpeg\" \/>\n<meta name=\"twitter:card\" content=\"summary_large_image\" \/>\n<meta name=\"twitter:label1\" content=\"Tiempo de lectura\" \/>\n\t<meta name=\"twitter:data1\" content=\"2 minutos\" \/>\n<script type=\"application\/ld+json\" class=\"yoast-schema-graph\">{\"@context\":\"https:\\\/\\\/schema.org\",\"@graph\":[{\"@type\":\"WebPage\",\"@id\":\"https:\\\/\\\/www.ppmco.org\\\/es\\\/programa-de-mejora-de-calidad\\\/\",\"url\":\"https:\\\/\\\/www.ppmco.org\\\/es\\\/programa-de-mejora-de-calidad\\\/\",\"name\":\"Programa de Mejora de Calidad - Priority Partners MCO\",\"isPartOf\":{\"@id\":\"https:\\\/\\\/www.ppmco.org\\\/#website\"},\"datePublished\":\"2022-08-10T13:00:59+00:00\",\"dateModified\":\"2023-04-05T12:47:29+00:00\",\"breadcrumb\":{\"@id\":\"https:\\\/\\\/www.ppmco.org\\\/es\\\/programa-de-mejora-de-calidad\\\/#breadcrumb\"},\"inLanguage\":\"es\",\"potentialAction\":[{\"@type\":\"ReadAction\",\"target\":[\"https:\\\/\\\/www.ppmco.org\\\/es\\\/programa-de-mejora-de-calidad\\\/\"]}]},{\"@type\":\"BreadcrumbList\",\"@id\":\"https:\\\/\\\/www.ppmco.org\\\/es\\\/programa-de-mejora-de-calidad\\\/#breadcrumb\",\"itemListElement\":[{\"@type\":\"ListItem\",\"position\":1,\"name\":\"Home\",\"item\":\"https:\\\/\\\/www.ppmco.org\\\/es\\\/\"},{\"@type\":\"ListItem\",\"position\":2,\"name\":\"Programa de Mejora de Calidad\"}]},{\"@type\":\"WebSite\",\"@id\":\"https:\\\/\\\/www.ppmco.org\\\/#website\",\"url\":\"https:\\\/\\\/www.ppmco.org\\\/\",\"name\":\"Priority Partners MCO\",\"description\":\"Low and no-cost healthcare for qualified Maryland residents\",\"publisher\":{\"@id\":\"https:\\\/\\\/www.ppmco.org\\\/#organization\"},\"alternateName\":\"PPMCO\",\"potentialAction\":[{\"@type\":\"SearchAction\",\"target\":{\"@type\":\"EntryPoint\",\"urlTemplate\":\"https:\\\/\\\/www.ppmco.org\\\/?s={search_term_string}\"},\"query-input\":{\"@type\":\"PropertyValueSpecification\",\"valueRequired\":true,\"valueName\":\"search_term_string\"}}],\"inLanguage\":\"es\"},{\"@type\":\"Organization\",\"@id\":\"https:\\\/\\\/www.ppmco.org\\\/#organization\",\"name\":\"Priority Partners MCO\",\"url\":\"https:\\\/\\\/www.ppmco.org\\\/\",\"logo\":{\"@type\":\"ImageObject\",\"inLanguage\":\"es\",\"@id\":\"https:\\\/\\\/www.ppmco.org\\\/#\\\/schema\\\/logo\\\/image\\\/\",\"url\":\"https:\\\/\\\/www.ppmco.org\\\/wp-content\\\/uploads\\\/2022\\\/03\\\/logo.png\",\"contentUrl\":\"https:\\\/\\\/www.ppmco.org\\\/wp-content\\\/uploads\\\/2022\\\/03\\\/logo.png\",\"width\":635,\"height\":177,\"caption\":\"Priority Partners MCO\"},\"image\":{\"@id\":\"https:\\\/\\\/www.ppmco.org\\\/#\\\/schema\\\/logo\\\/image\\\/\"},\"sameAs\":[\"https:\\\/\\\/www.facebook.com\\\/PriorityPartners\",\"https:\\\/\\\/www.youtube.com\\\/user\\\/PriorityPartners\",\"https:\\\/\\\/www.instagram.com\\\/prioritypartners\\\/\"]}]}<\/script>\n<!-- \/ Yoast SEO plugin. -->","yoast_head_json":{"title":"Programa de Mejora de Calidad - Priority Partners MCO","robots":{"index":"index","follow":"follow","max-snippet":"max-snippet:-1","max-image-preview":"max-image-preview:large","max-video-preview":"max-video-preview:-1"},"canonical":"https:\/\/www.ppmco.org\/es\/programa-de-mejora-de-calidad\/","og_locale":"es_ES","og_type":"article","og_title":"Programa de Mejora de Calidad - Priority Partners MCO","og_description":"Priority Partners desea que los afiliados al plan reciban los mejores servicios de atenci\u00f3n de la salud. Siempre revisamos los...","og_url":"https:\/\/www.ppmco.org\/es\/programa-de-mejora-de-calidad\/","og_site_name":"Priority Partners MCO","article_publisher":"https:\/\/www.facebook.com\/PriorityPartners","article_modified_time":"2023-04-05T12:47:29+00:00","og_image":[{"width":1600,"height":840,"url":"https:\/\/www.ppmco.org\/wp-content\/uploads\/2022\/11\/PPMCO_Social-Preview_facebook-1.jpg","type":"image\/jpeg"}],"twitter_card":"summary_large_image","twitter_misc":{"Tiempo de lectura":"2 minutos"},"schema":{"@context":"https:\/\/schema.org","@graph":[{"@type":"WebPage","@id":"https:\/\/www.ppmco.org\/es\/programa-de-mejora-de-calidad\/","url":"https:\/\/www.ppmco.org\/es\/programa-de-mejora-de-calidad\/","name":"Programa de Mejora de Calidad - Priority Partners MCO","isPartOf":{"@id":"https:\/\/www.ppmco.org\/#website"},"datePublished":"2022-08-10T13:00:59+00:00","dateModified":"2023-04-05T12:47:29+00:00","breadcrumb":{"@id":"https:\/\/www.ppmco.org\/es\/programa-de-mejora-de-calidad\/#breadcrumb"},"inLanguage":"es","potentialAction":[{"@type":"ReadAction","target":["https:\/\/www.ppmco.org\/es\/programa-de-mejora-de-calidad\/"]}]},{"@type":"BreadcrumbList","@id":"https:\/\/www.ppmco.org\/es\/programa-de-mejora-de-calidad\/#breadcrumb","itemListElement":[{"@type":"ListItem","position":1,"name":"Home","item":"https:\/\/www.ppmco.org\/es\/"},{"@type":"ListItem","position":2,"name":"Programa de Mejora de Calidad"}]},{"@type":"WebSite","@id":"https:\/\/www.ppmco.org\/#website","url":"https:\/\/www.ppmco.org\/","name":"Priority Partners MCO","description":"Low and no-cost healthcare for qualified Maryland residents","publisher":{"@id":"https:\/\/www.ppmco.org\/#organization"},"alternateName":"PPMCO","potentialAction":[{"@type":"SearchAction","target":{"@type":"EntryPoint","urlTemplate":"https:\/\/www.ppmco.org\/?s={search_term_string}"},"query-input":{"@type":"PropertyValueSpecification","valueRequired":true,"valueName":"search_term_string"}}],"inLanguage":"es"},{"@type":"Organization","@id":"https:\/\/www.ppmco.org\/#organization","name":"Priority Partners MCO","url":"https:\/\/www.ppmco.org\/","logo":{"@type":"ImageObject","inLanguage":"es","@id":"https:\/\/www.ppmco.org\/#\/schema\/logo\/image\/","url":"https:\/\/www.ppmco.org\/wp-content\/uploads\/2022\/03\/logo.png","contentUrl":"https:\/\/www.ppmco.org\/wp-content\/uploads\/2022\/03\/logo.png","width":635,"height":177,"caption":"Priority Partners MCO"},"image":{"@id":"https:\/\/www.ppmco.org\/#\/schema\/logo\/image\/"},"sameAs":["https:\/\/www.facebook.com\/PriorityPartners","https:\/\/www.youtube.com\/user\/PriorityPartners","https:\/\/www.instagram.com\/prioritypartners\/"]}]}},"_links":{"self":[{"href":"https:\/\/www.ppmco.org\/es\/wp-json\/wp\/v2\/pages\/14582","targetHints":{"allow":["GET"]}}],"collection":[{"href":"https:\/\/www.ppmco.org\/es\/wp-json\/wp\/v2\/pages"}],"about":[{"href":"https:\/\/www.ppmco.org\/es\/wp-json\/wp\/v2\/types\/page"}],"author":[{"embeddable":true,"href":"https:\/\/www.ppmco.org\/es\/wp-json\/wp\/v2\/users\/1"}],"replies":[{"embeddable":true,"href":"https:\/\/www.ppmco.org\/es\/wp-json\/wp\/v2\/comments?post=14582"}],"version-history":[{"count":3,"href":"https:\/\/www.ppmco.org\/es\/wp-json\/wp\/v2\/pages\/14582\/revisions"}],"predecessor-version":[{"id":15773,"href":"https:\/\/www.ppmco.org\/es\/wp-json\/wp\/v2\/pages\/14582\/revisions\/15773"}],"wp:attachment":[{"href":"https:\/\/www.ppmco.org\/es\/wp-json\/wp\/v2\/media?parent=14582"}],"curies":[{"name":"wp","href":"https:\/\/api.w.org\/{rel}","templated":true}]}}