{"id":15283,"date":"2022-12-02T18:32:31","date_gmt":"2022-12-02T18:32:31","guid":{"rendered":"https:\/\/www.ppmco.org\/?page_id=15283"},"modified":"2026-01-02T16:54:13","modified_gmt":"2026-01-02T16:54:13","slug":"hsni","status":"publish","type":"page","link":"https:\/\/www.ppmco.org\/es\/hsni\/","title":{"rendered":"Informaci\u00f3n sobre las necesidades de servicios de salud (HSNI)"},"content":{"rendered":"<div id=\"block_1125b634d1d360a5587cf1e8292f99b1\" class=\"wpfox-page-header simple\" style=\"--heading-width: 80;\">\r\n\t<div class=\"wrapper banner\">\r\n\t\t<div class=\"bg-glow\"><\/div>\r\n\t\t\t\t<div class=\"text-block\">\r\n\t\t\t\n\n<h2 class=\"wp-block-heading has-h-1-font-size\">Informaci\u00f3n sobre las necesidades de servicios de salud (HSNI)<\/h2>\n\n\r\n\t\t<\/div>\r\n\t\t\t<\/div>\r\n\t<\/div>\n\n\n<div class=\"wp-block-group alignfull is-style-section-padding mobile-margin-bottom-0 mobile-padding-bottom-0 is-layout-constrained wp-block-group-is-layout-constrained\">\n<div class=\"wp-block-columns is-style-sidebar-section is-layout-flex wp-container-core-columns-is-layout-9d6595d7 wp-block-columns-is-layout-flex\">\n<div class=\"wp-block-column is-layout-flow wp-block-column-is-layout-flow\" style=\"flex-basis:66.66%\">\n<h3 class=\"wp-block-heading\">\u00bfTiene objetivos de salud que quiere alcanzar?<\/h3>\n\n\n\n<p>\u00bfHay desaf\u00edos que le impiden lograr su mejor salud?<\/p>\n\n\n\n<p>Priority Partners puede ayudarle. Puede trabajar con un administrador de atenci\u00f3n para ayudar a mejorar una afecci\u00f3n m\u00e9dica. Incluso podr\u00eda conseguir transporte gratuito para ir y volver de sus visitas al m\u00e9dico.<\/p>\n\n\n\n<h3 class=\"wp-block-heading\">\u00bfQu\u00e9 es un HSNI y por qu\u00e9 es importante?<\/h3>\n\n\n\n<p>Un formulario HSNI es una breve encuesta utilizada para obtener informaci\u00f3n sobre su salud. Cuando rellena el formulario HSNI, ayuda a Priority Partners a conocer los mejores servicios con los que podemos ponerle en contacto para mejorar su salud. Cuanta m\u00e1s informaci\u00f3n tengamos sobre su salud, m\u00e1s apoyo personalizado podremos ofrecerle. Por eso es importante que rellene un formulario HSNI.<\/p>\n\n\n\n<h3 class=\"wp-block-heading\">\u00bfEn qu\u00e9 me beneficia rellenar un HSNI?<\/h3>\n\n\n\n<p>Tal vez tenga objetivos de salud que quiera alcanzar, o tal vez haya desaf\u00edos que le impidan lograr su mejor salud. Como miembro, existen varios tipos de apoyo que nuestro equipo de atenci\u00f3n de Priority Partners puede ofrecerle. Podemos poner a su disposici\u00f3n un administrador de atenci\u00f3n para que trabaje con usted y le ayude a mejorar una afecci\u00f3n m\u00e9dica. Tambi\u00e9n podemos ayudarle a programar citas y proporcionarle transporte de ida y vuelta al consultorio de su m\u00e9dico.<\/p>\n\n\n\n<p>Adem\u00e1s, podemos ayudarte a inscribirte en clases gratuitas de educaci\u00f3n para la salud o derivarte a <a href=\"https:\/\/www.carelon.com\/\">Carelon<\/a> para que recibas servicios de salud conductual, si es necesario.<\/p>\n\n\n\n<h3 class=\"wp-block-heading\">\u00bfC\u00f3mo se rellena un HSNI?<\/h3>\n\n\n\n<p class=\"has-normal-font-size\">Haga clic en el bot\u00f3n de abajo para rellenar un formulario HSNI para contarnos acerca de su salud, y Priority Partners ver\u00e1 qu\u00e9 servicios pueden estar disponibles para ayudarle. Tambi\u00e9n puede llamar al <a href=\"tel:8006549728\">800-654-9728<\/a> para rellenar una encuesta HSNI por tel\u00e9fono.<\/p>\n\n\n\n<div class=\"wp-block-buttons is-layout-flex wp-block-buttons-is-layout-flex\">\n<div class=\"wp-block-button is-style-button-external\"><a class=\"wp-block-button__link wp-element-button\" href=\"https:\/\/jhhc.formstack.com\/forms\/servicios_salud_necesarios\" target=\"_blank\" rel=\"noreferrer noopener\">Formulario en espa\u00f1ol<\/a><\/div>\n\n\n\n<div class=\"wp-block-button is-style-button-external\"><a class=\"wp-block-button__link has-gold-background-color has-background wp-element-button\" href=\"https:\/\/jhhc.formstack.com\/forms\/health_service_needs_information\" target=\"_blank\" rel=\"noreferrer noopener\">Formulario en ingl\u00e9s<\/a><\/div>\n<\/div>\n<\/div>\n\n\n\n<div class=\"wp-block-column is-layout-flow wp-block-column-is-layout-flow\" style=\"flex-basis:33.33%\">\n<div class=\"wp-block-group is-style-sidebar-block has-light-teal-background-color has-background is-layout-flow wp-block-group-is-layout-flow\">\n<h3 class=\"wp-block-heading has-text-align-center\">\u00bfNecesita ayuda?<\/h3>\n\n\n\n<p class=\"has-text-align-center has-intro-font-size\">Nuestro equipo de atenci\u00f3n al cliente est\u00e1 aqu\u00ed para ayudarle. Comun\u00edquese con nosotros en: <\/p>\n\n\n\n<div class=\"wp-block-buttons is-style-margin-top-0 is-content-justification-center is-layout-flex wp-container-core-buttons-is-layout-16018d1d wp-block-buttons-is-layout-flex\">\n<div class=\"wp-block-button is-style-phone-icon-no-tab\"><a class=\"wp-block-button__link wp-element-button\" href=\"tel:8006549728\">800-654-9728<\/a><\/div>\n<\/div>\n\n\n\n<div class=\"wp-block-buttons is-style-margin-top-10 is-content-justification-center is-layout-flex wp-container-core-buttons-is-layout-16018d1d wp-block-buttons-is-layout-flex\">\n<div class=\"wp-block-button is-style-small\"><a class=\"wp-block-button__link has-teal-background-color has-background wp-element-button\" href=\"mailto:ppcustomerservice@jhhp.org\">Env\u00edenos un correo electr\u00f3nico<\/a><\/div>\n<\/div>\n\n\n\n<p class=\"has-text-align-center has-small-font-size\"><em>Por favor, no incluya informaci\u00f3n personal de salud<br>en su correo electr\u00f3nico.<\/em><\/p>\n\n\n\n<p class=\"has-text-align-center margin-top-20 has-teal-color has-text-color\"><strong><em>TTY para personas con discapacidades auditivas:<\/em><\/strong><\/p>\n\n\n\n<p class=\"has-text-align-center margin-top-0\">711<\/p>\n<\/div>\n\n\n<div id=\"block_7e44f27d1a8cffa017db845fd316f8ff\" class=\"wpfox-aside-block custom\">\r\n\t<div class='aside-title'><h5>Recursos para Afiliados<\/h5><\/div>\t<div class=\"aside-block\">\r\n\t\t\t\t\t\t<div class=\"wrapper\">\r\n\t\t\t\t\t\n\n<h3 class=\"wp-block-heading has-text-align-center is-style-default\">\u00bfNecesita ayuda?<\/h3>\n\n\n\n<iframe loading=\"lazy\" src=\"https:\/\/www.auntbertha.com\/widget\/v2\/partner\/JHHealth?ref=https:\/\/www.ppmco.org\/&#038;btn_color=743ABC&#038;show_branding=true&#038;form_desc=Search+free+and+reduced+cost+services+like+medical+care,+food,+housing,%20and+more+in+your+area:&#038;btn_color=1bb0c3\" width=\"100%\" height=\"235\" frameborder=\"0\" scrolling=\"no\"><\/iframe>\n\n\r\n\t\t\t\t<\/div>\r\n\t\t\t\t\t<\/div>\r\n\t<\/div><\/div>\n<\/div>\n<\/div>\n","protected":false},"excerpt":{"rendered":"<p>\u00bfTiene objetivos de salud que quiere alcanzar? \u00bfHay desaf\u00edos que le impiden lograr su mejor salud? Priority Partners puede ayudarle&#8230;.<\/p>\n","protected":false},"author":6,"featured_media":0,"parent":0,"menu_order":0,"comment_status":"closed","ping_status":"closed","template":"","meta":{"_acf_changed":false,"_relevanssi_hide_post":"","_relevanssi_hide_content":"","_relevanssi_pin_for_all":"","_relevanssi_pin_keywords":"","_relevanssi_unpin_keywords":"","_relevanssi_related_keywords":"","_relevanssi_related_include_ids":"","_relevanssi_related_exclude_ids":"","_relevanssi_related_no_append":"","_relevanssi_related_not_related":"","_relevanssi_related_posts":"12191,14962,14918,14922,15243,12290","_relevanssi_noindex_reason":"","inline_featured_image":false,"footnotes":""},"class_list":["post-15283","page","type-page","status-publish","hentry"],"acf":[],"yoast_head":"<!-- This site is optimized with the Yoast SEO plugin v27.4 - https:\/\/yoast.com\/product\/yoast-seo-wordpress\/ -->\n<title>Informaci\u00f3n sobre las necesidades de servicios de salud (HSNI) - Priority Partners MCO<\/title>\n<meta name=\"robots\" content=\"index, follow, max-snippet:-1, max-image-preview:large, max-video-preview:-1\" \/>\n<link rel=\"canonical\" href=\"https:\/\/www.ppmco.org\/es\/hsni\/\" \/>\n<meta property=\"og:locale\" content=\"es_ES\" \/>\n<meta property=\"og:type\" content=\"article\" \/>\n<meta property=\"og:title\" content=\"Informaci\u00f3n sobre las necesidades de servicios de salud (HSNI) - Priority Partners MCO\" \/>\n<meta property=\"og:description\" content=\"\u00bfTiene objetivos de salud que quiere alcanzar? \u00bfHay desaf\u00edos que le impiden lograr su mejor salud? Priority Partners puede ayudarle....\" \/>\n<meta property=\"og:url\" content=\"https:\/\/www.ppmco.org\/es\/hsni\/\" \/>\n<meta property=\"og:site_name\" content=\"Priority Partners MCO\" \/>\n<meta property=\"article:publisher\" content=\"https:\/\/www.facebook.com\/PriorityPartners\" \/>\n<meta property=\"article:modified_time\" content=\"2026-01-02T16:54:13+00:00\" \/>\n<meta property=\"og:image\" content=\"https:\/\/www.ppmco.org\/wp-content\/uploads\/2022\/11\/PPMCO_Social-Preview_facebook-1.jpg\" \/>\n\t<meta property=\"og:image:width\" content=\"1600\" \/>\n\t<meta property=\"og:image:height\" content=\"840\" \/>\n\t<meta property=\"og:image:type\" content=\"image\/jpeg\" \/>\n<meta name=\"twitter:card\" content=\"summary_large_image\" \/>\n<meta name=\"twitter:label1\" content=\"Tiempo de lectura\" \/>\n\t<meta name=\"twitter:data1\" content=\"2 minutos\" \/>\n<script type=\"application\/ld+json\" class=\"yoast-schema-graph\">{\"@context\":\"https:\\\/\\\/schema.org\",\"@graph\":[{\"@type\":\"WebPage\",\"@id\":\"https:\\\/\\\/www.ppmco.org\\\/es\\\/hsni\\\/\",\"url\":\"https:\\\/\\\/www.ppmco.org\\\/es\\\/hsni\\\/\",\"name\":\"Informaci\u00f3n sobre las necesidades de servicios de salud (HSNI) - Priority Partners MCO\",\"isPartOf\":{\"@id\":\"https:\\\/\\\/www.ppmco.org\\\/#website\"},\"datePublished\":\"2022-12-02T18:32:31+00:00\",\"dateModified\":\"2026-01-02T16:54:13+00:00\",\"breadcrumb\":{\"@id\":\"https:\\\/\\\/www.ppmco.org\\\/es\\\/hsni\\\/#breadcrumb\"},\"inLanguage\":\"es\",\"potentialAction\":[{\"@type\":\"ReadAction\",\"target\":[\"https:\\\/\\\/www.ppmco.org\\\/es\\\/hsni\\\/\"]}]},{\"@type\":\"BreadcrumbList\",\"@id\":\"https:\\\/\\\/www.ppmco.org\\\/es\\\/hsni\\\/#breadcrumb\",\"itemListElement\":[{\"@type\":\"ListItem\",\"position\":1,\"name\":\"Home\",\"item\":\"https:\\\/\\\/www.ppmco.org\\\/es\\\/\"},{\"@type\":\"ListItem\",\"position\":2,\"name\":\"Informaci\u00f3n sobre las necesidades de servicios de salud (HSNI)\"}]},{\"@type\":\"WebSite\",\"@id\":\"https:\\\/\\\/www.ppmco.org\\\/#website\",\"url\":\"https:\\\/\\\/www.ppmco.org\\\/\",\"name\":\"Priority Partners MCO\",\"description\":\"Low and no-cost healthcare for qualified Maryland residents\",\"publisher\":{\"@id\":\"https:\\\/\\\/www.ppmco.org\\\/#organization\"},\"alternateName\":\"PPMCO\",\"potentialAction\":[{\"@type\":\"SearchAction\",\"target\":{\"@type\":\"EntryPoint\",\"urlTemplate\":\"https:\\\/\\\/www.ppmco.org\\\/?s={search_term_string}\"},\"query-input\":{\"@type\":\"PropertyValueSpecification\",\"valueRequired\":true,\"valueName\":\"search_term_string\"}}],\"inLanguage\":\"es\"},{\"@type\":\"Organization\",\"@id\":\"https:\\\/\\\/www.ppmco.org\\\/#organization\",\"name\":\"Priority Partners MCO\",\"url\":\"https:\\\/\\\/www.ppmco.org\\\/\",\"logo\":{\"@type\":\"ImageObject\",\"inLanguage\":\"es\",\"@id\":\"https:\\\/\\\/www.ppmco.org\\\/#\\\/schema\\\/logo\\\/image\\\/\",\"url\":\"https:\\\/\\\/www.ppmco.org\\\/wp-content\\\/uploads\\\/2022\\\/03\\\/logo.png\",\"contentUrl\":\"https:\\\/\\\/www.ppmco.org\\\/wp-content\\\/uploads\\\/2022\\\/03\\\/logo.png\",\"width\":635,\"height\":177,\"caption\":\"Priority Partners MCO\"},\"image\":{\"@id\":\"https:\\\/\\\/www.ppmco.org\\\/#\\\/schema\\\/logo\\\/image\\\/\"},\"sameAs\":[\"https:\\\/\\\/www.facebook.com\\\/PriorityPartners\",\"https:\\\/\\\/www.youtube.com\\\/user\\\/PriorityPartners\",\"https:\\\/\\\/www.instagram.com\\\/prioritypartners\\\/\"]}]}<\/script>\n<!-- \/ Yoast SEO plugin. -->","yoast_head_json":{"title":"Informaci\u00f3n sobre las necesidades de servicios de salud (HSNI) - Priority Partners MCO","robots":{"index":"index","follow":"follow","max-snippet":"max-snippet:-1","max-image-preview":"max-image-preview:large","max-video-preview":"max-video-preview:-1"},"canonical":"https:\/\/www.ppmco.org\/es\/hsni\/","og_locale":"es_ES","og_type":"article","og_title":"Informaci\u00f3n sobre las necesidades de servicios de salud (HSNI) - Priority Partners MCO","og_description":"\u00bfTiene objetivos de salud que quiere alcanzar? \u00bfHay desaf\u00edos que le impiden lograr su mejor salud? Priority Partners puede ayudarle....","og_url":"https:\/\/www.ppmco.org\/es\/hsni\/","og_site_name":"Priority Partners MCO","article_publisher":"https:\/\/www.facebook.com\/PriorityPartners","article_modified_time":"2026-01-02T16:54:13+00:00","og_image":[{"width":1600,"height":840,"url":"https:\/\/www.ppmco.org\/wp-content\/uploads\/2022\/11\/PPMCO_Social-Preview_facebook-1.jpg","type":"image\/jpeg"}],"twitter_card":"summary_large_image","twitter_misc":{"Tiempo de lectura":"2 minutos"},"schema":{"@context":"https:\/\/schema.org","@graph":[{"@type":"WebPage","@id":"https:\/\/www.ppmco.org\/es\/hsni\/","url":"https:\/\/www.ppmco.org\/es\/hsni\/","name":"Informaci\u00f3n sobre las necesidades de servicios de salud (HSNI) - Priority Partners MCO","isPartOf":{"@id":"https:\/\/www.ppmco.org\/#website"},"datePublished":"2022-12-02T18:32:31+00:00","dateModified":"2026-01-02T16:54:13+00:00","breadcrumb":{"@id":"https:\/\/www.ppmco.org\/es\/hsni\/#breadcrumb"},"inLanguage":"es","potentialAction":[{"@type":"ReadAction","target":["https:\/\/www.ppmco.org\/es\/hsni\/"]}]},{"@type":"BreadcrumbList","@id":"https:\/\/www.ppmco.org\/es\/hsni\/#breadcrumb","itemListElement":[{"@type":"ListItem","position":1,"name":"Home","item":"https:\/\/www.ppmco.org\/es\/"},{"@type":"ListItem","position":2,"name":"Informaci\u00f3n sobre las necesidades de servicios de salud (HSNI)"}]},{"@type":"WebSite","@id":"https:\/\/www.ppmco.org\/#website","url":"https:\/\/www.ppmco.org\/","name":"Priority Partners MCO","description":"Low and no-cost healthcare for qualified Maryland residents","publisher":{"@id":"https:\/\/www.ppmco.org\/#organization"},"alternateName":"PPMCO","potentialAction":[{"@type":"SearchAction","target":{"@type":"EntryPoint","urlTemplate":"https:\/\/www.ppmco.org\/?s={search_term_string}"},"query-input":{"@type":"PropertyValueSpecification","valueRequired":true,"valueName":"search_term_string"}}],"inLanguage":"es"},{"@type":"Organization","@id":"https:\/\/www.ppmco.org\/#organization","name":"Priority Partners MCO","url":"https:\/\/www.ppmco.org\/","logo":{"@type":"ImageObject","inLanguage":"es","@id":"https:\/\/www.ppmco.org\/#\/schema\/logo\/image\/","url":"https:\/\/www.ppmco.org\/wp-content\/uploads\/2022\/03\/logo.png","contentUrl":"https:\/\/www.ppmco.org\/wp-content\/uploads\/2022\/03\/logo.png","width":635,"height":177,"caption":"Priority Partners MCO"},"image":{"@id":"https:\/\/www.ppmco.org\/#\/schema\/logo\/image\/"},"sameAs":["https:\/\/www.facebook.com\/PriorityPartners","https:\/\/www.youtube.com\/user\/PriorityPartners","https:\/\/www.instagram.com\/prioritypartners\/"]}]}},"_links":{"self":[{"href":"https:\/\/www.ppmco.org\/es\/wp-json\/wp\/v2\/pages\/15283","targetHints":{"allow":["GET"]}}],"collection":[{"href":"https:\/\/www.ppmco.org\/es\/wp-json\/wp\/v2\/pages"}],"about":[{"href":"https:\/\/www.ppmco.org\/es\/wp-json\/wp\/v2\/types\/page"}],"author":[{"embeddable":true,"href":"https:\/\/www.ppmco.org\/es\/wp-json\/wp\/v2\/users\/6"}],"replies":[{"embeddable":true,"href":"https:\/\/www.ppmco.org\/es\/wp-json\/wp\/v2\/comments?post=15283"}],"version-history":[{"count":5,"href":"https:\/\/www.ppmco.org\/es\/wp-json\/wp\/v2\/pages\/15283\/revisions"}],"predecessor-version":[{"id":99917254,"href":"https:\/\/www.ppmco.org\/es\/wp-json\/wp\/v2\/pages\/15283\/revisions\/99917254"}],"wp:attachment":[{"href":"https:\/\/www.ppmco.org\/es\/wp-json\/wp\/v2\/media?parent=15283"}],"curies":[{"name":"wp","href":"https:\/\/api.w.org\/{rel}","templated":true}]}}