{"id":99916210,"date":"2025-08-22T16:42:45","date_gmt":"2025-08-22T16:42:45","guid":{"rendered":"https:\/\/www.ppmco.org\/?page_id=99916210"},"modified":"2025-08-22T18:59:19","modified_gmt":"2025-08-22T18:59:19","slug":"directorio-de-proveedores","status":"publish","type":"page","link":"https:\/\/www.ppmco.org\/es\/interoperabilidad\/directorio-de-proveedores\/","title":{"rendered":"Directorio de Proveedores"},"content":{"rendered":"<div id=\"block_09d1de2060448718a47b0ecfd7c10c9d\" class=\"wpfox-page-header simple\" style=\"--heading-width: 60;\">\r\n\t<div class=\"wrapper banner\">\r\n\t\t<div class=\"bg-glow\"><\/div>\r\n\t\t\t\t<div class=\"text-block\">\r\n\t\t\t\n\n<h1 class=\"wp-block-heading page-title has-h-3-font-size\">Interoperabilidad<\/h1>\n\n\n\n<h2 class=\"wp-block-heading has-h-1-font-size\">Acceso a punto final digital de API de Directorio de Proveedores<\/h2>\n\n\r\n\t\t<\/div>\r\n\t\t\t<\/div>\r\n\t<\/div>\n\n\n<div class=\"wp-block-group is-style-section-padding is-layout-flow wp-block-group-is-layout-flow\">\n<div class=\"wp-block-group is-style-section-padding is-layout-flow wp-block-group-is-layout-flow\">\n<div class=\"wp-block-group alignfull is-style-section-padding mobile-margin-bottom-0 mobile-padding-bottom-0 is-layout-flow wp-block-group-is-layout-flow\">\n<div class=\"wp-block-columns is-style-sidebar-section is-layout-flex wp-container-core-columns-is-layout-9d6595d7 wp-block-columns-is-layout-flex\">\n<div class=\"wp-block-column is-layout-flow wp-block-column-is-layout-flow\" style=\"flex-basis:66.66%\">\n<h2 class=\"wp-block-heading has-h-2-featured-font-size\" id=\"eligibility\">Resumen<\/h2>\n\n\n\n<p class=\"is-style-default\">Priority Partners ofrece un servicio de Directorio de Proveedores usando tecnolog\u00eda de API, que ayuda a las aplicaciones a compartir datos y funcionar mejor juntas. Esta API de Directorio de Proveedores permite que las aplicaciones de terceros recuperen informaci\u00f3n actualizada sobre los proveedores de la red, las instalaciones, las farmacias y los planes de seguro de los Planes de Salud de Johns Hopkins (JHHP). Esta API se ha creado de acuerdo con los est\u00e1ndares FHIR y est\u00e1 dise\u00f1ada para cumplir con los requisitos CMS-9115 en materia de interoperabilidad de datos de pagadores y acceso p\u00fablico.<\/p>\n\n\n\n<p class=\"is-style-default\">Estas API cumplen con la especificaci\u00f3n HL7 R4 FHIR, como as\u00ed tambi\u00e9n la <a href=\"https:\/\/hl7.org\/fhir\/us\/davinci-pdex-plan-net\/index.html\" target=\"_blank\" rel=\"noreferrer noopener\"><strong>Gu\u00eda de Implementaci\u00f3n de DaVinci PDEX Plan Net<\/strong><\/a>.<\/p>\n<\/div>\n\n\n\n<div class=\"wp-block-column is-layout-flow wp-block-column-is-layout-flow\" style=\"flex-basis:33.33%\">\n<div class=\"wp-block-group is-style-sidebar-block has-light-teal-background-color has-background is-layout-flow wp-block-group-is-layout-flow\">\n<h3 class=\"wp-block-heading has-text-align-center\">\u00bfTiene preguntas?<\/h3>\n\n\n\n<p class=\"has-text-align-center has-intro-font-size\">Si tiene preguntas o cuestiones relacionadas con la informaci\u00f3n que aparece en esta p\u00e1gina, contacte al Centro de Ayuda.<\/p>\n\n\n\n<div class=\"wp-block-buttons is-content-justification-center is-layout-flex wp-container-core-buttons-is-layout-16018d1d wp-block-buttons-is-layout-flex\">\n<div class=\"wp-block-button\"><a class=\"wp-block-button__link has-dark-teal-background-color has-background has-text-align-center wp-element-button\" href=\"mailto:support@1up.health?Cc=cms_interoperability@jhhp.org\">Envie un correo electr\u00f3nico<\/a><\/div>\n<\/div>\n<\/div>\n<\/div>\n<\/div>\n<\/div>\n\n\n\n<h3 class=\"wp-block-heading is-style-default has-purple-color has-text-color has-link-color has-h-3-featured-font-size wp-elements-d7fad9575f288c1c60eeba1a9afe69c7\"><strong>\u00bfCu\u00e1l es el objetivo?<\/strong><\/h3>\n\n\n\n<p class=\"is-style-default\">Como parte de la regla CMS-9115, los pagadores como JHHP deben exponer informaci\u00f3n de la red de proveedores a trav\u00e9s de una API basada en est\u00e1ndares FHIR. La API de Directorio de Proveedores permite que los desarrolladores creen aplicaciones que permitan a los usuarios buscar y filtrar los proveedores de atenci\u00f3n m\u00e9dica por ubicaci\u00f3n, especialidad, red del plan y m\u00e1s, todo ello usando datos legibles por m\u00e1quina que se mantienen actualizados.<\/p>\n\n\n\n<h3 class=\"wp-block-heading margin-top-50 has-purple-color has-text-color has-link-color has-h-3-featured-font-size wp-elements-0bb16c00fbbdbe875cda89cc93ae426b\" id=\"guard\"><strong>Por qu\u00e9 es importante para los desarrolladore<\/strong>s<\/h3>\n\n\n\n<p>Esta API permite que los desarrolladores creen directorios, herramientas de b\u00fasqueda, aplicaciones de navegaci\u00f3n de atenci\u00f3n m\u00e9dica y otros casos de uso que requieren un acceso oportuno y fiable a la informaci\u00f3n de la red de proveedores. El uso de FHIR garantiza la interoperabilidad con otras API de atenci\u00f3n m\u00e9dica.<\/p>\n\n\n\n<p><a href=\"https:\/\/api.jhhpfhir.com\/r4\/metadata\" target=\"_blank\" rel=\"noreferrer noopener\"><a href=\"https:\/\/api.jhhpfhir.com\/r4\/metadata\" target=\"_blank\" rel=\"noreferrer noopener\"><strong>Declaraci\u00f3n de Capacidad de Johns Hopkins Health Plans LLC<\/strong><\/a><\/a><\/p>\n\n\n\n<p><a href=\"https:\/\/hl7.org\/fhir\/us\/davinci-pdex-plan-net\/index.html\" target=\"_blank\" rel=\"noreferrer noopener\"><a href=\"https:\/\/hl7.org\/fhir\/us\/davinci-pdex-plan-net\/index.html\" target=\"_blank\" rel=\"noreferrer noopener\"><strong>Davinci FHIR (Est\u00e1ndar de HL7\u00ae FHIR\u00ae) R4<\/strong><\/a><\/a><\/p>\n<\/div>\n\n\n<div id=\"block_41f103289f152b74cafc731140b6eb1c\" class=\"wpfox-wpfox-accordion\">\r\n    <div class=\"wp-container wp-block-group\">\r\n\t\t<div id=\"\" class='wpfox-accordion'>\r\n\t\t\t<div class='wpfox-item'>\r\n\t\t\t\t<div class='topic'><h2 class='wpfox-title'>Punto final digital de API de Servicios de Atenci\u00f3n M\u00e9dica<\/h2><\/div>\r\n\t\t\t\t<div class='contents'>\r\n\t\t\t\t\t\n\n<p>El recurso de Servicios de Atenci\u00f3n M\u00e9dica define a los servicios de atenci\u00f3n m\u00e9dica espec\u00edficos ofrecidos por un proveedor u organizaci\u00f3n en un lugar determinado.<\/p>\n\n\n\n<p><a href=\"https:\/\/api.jhhpfhir.com\/r4\/public-pp\/HealthcareService\" target=\"_blank\" rel=\"noreferrer noopener\">https:\/\/api.jhhpfhir.com\/r4\/public-pp\/HealthcareService<\/a><\/p>\n\n\n\n<p><\/p>\n\n\n\n<p><strong><strong>\u00bfTiene preguntas?<\/strong><\/strong> <a href=\"mailto:support@1up.health?cc=cms_interoperability@jhhp.org\"><a href=\"mailto:support@1up.health?cc=cms_interoperability@jhhp.org\"><strong>Env\u00edenos un correo electr\u00f3nico<\/strong><\/a>.<\/a><\/p>\n\n\n\n<p><\/p>\n\n\r\n\t\t\t\t<\/div>\r\n\t\t\t<\/div>\r\n\t\t<\/div>\r\n\t<\/div>\r\n<\/div>\n\n<div id=\"block_5892a93f0f5d558229a9ac7194d63abb\" class=\"wpfox-wpfox-accordion\">\r\n    <div class=\"wp-container wp-block-group\">\r\n\t\t<div id=\"\" class='wpfox-accordion'>\r\n\t\t\t<div class='wpfox-item'>\r\n\t\t\t\t<div class='topic'><h2 class='wpfox-title'>Punto final digital de API de Plan de Seguro<\/h2><\/div>\r\n\t\t\t\t<div class='contents'>\r\n\t\t\t\t\t\n\n<p>El recurso de Plan de Seguro devuelve metadatos sobre los planes de Priority Partners, incluidas \u00e1reas de cobertura, afiliaciones e identificadores de red.<\/p>\n\n\n\n<p><a href=\"https:\/\/api.jhhpfhir.com\/r4\/public-pp\/InsurancePlan\" target=\"_blank\" rel=\"noreferrer noopener\">https:\/\/api.jhhpfhir.com\/r4\/public-pp\/InsurancePlan<\/a><\/p>\n\n\n\n<p><\/p>\n\n\n\n<p><strong><strong>\u00bfTiene preguntas?<\/strong><\/strong> <a href=\"mailto:support@1up.health?cc=cms_interoperability@jhhp.org\"><\/a><a href=\"mailto:support@1up.health?cc=cms_interoperability@jhhp.org\"><strong>Env\u00edenos un correo electr\u00f3nico<\/strong><\/a>.<\/p>\n\n\n\n<p><\/p>\n\n\r\n\t\t\t\t<\/div>\r\n\t\t\t<\/div>\r\n\t\t<\/div>\r\n\t<\/div>\r\n<\/div>\n\n<div id=\"block_107e943cda5aef7406b1692ffd857fae\" class=\"wpfox-wpfox-accordion\">\r\n    <div class=\"wp-container wp-block-group\">\r\n\t\t<div id=\"\" class='wpfox-accordion'>\r\n\t\t\t<div class='wpfox-item'>\r\n\t\t\t\t<div class='topic'><h2 class='wpfox-title'>Punto final digital de API de M\u00e9dico<\/h2><\/div>\r\n\t\t\t\t<div class='contents'>\r\n\t\t\t\t\t\n\n<p>El recurso de M\u00e9dico brinda detalles demogr\u00e1ficos y profesionales sobre cada profesional de atenci\u00f3n m\u00e9dica, como nombres, especialidades y credenciales.<\/p>\n\n\n\n<p><a href=\"https:\/\/api.jhhpfhir.com\/r4\/public-pp\/Practitioner\" target=\"_blank\" rel=\"noreferrer noopener\">https:\/\/api.jhhpfhir.com\/r4\/public-pp\/Practitioner<\/a><\/p>\n\n\n\n<p><\/p>\n\n\n\n<p><strong><strong>\u00bfTiene preguntas?<\/strong><\/strong> <a href=\"mailto:support@1up.health?cc=cms_interoperability@jhhp.org\"><\/a><a href=\"mailto:support@1up.health?cc=cms_interoperability@jhhp.org\"><strong>Env\u00edenos un correo electr\u00f3nico<\/strong><\/a>.<\/p>\n\n\n\n<p><\/p>\n\n\r\n\t\t\t\t<\/div>\r\n\t\t\t<\/div>\r\n\t\t<\/div>\r\n\t<\/div>\r\n<\/div>\n\n<div id=\"block_724f9a6212e859145d581a7ea1f5a5fc\" class=\"wpfox-wpfox-accordion\">\r\n    <div class=\"wp-container wp-block-group\">\r\n\t\t<div id=\"\" class='wpfox-accordion'>\r\n\t\t\t<div class='wpfox-item'>\r\n\t\t\t\t<div class='topic'><h2 class='wpfox-title'>Punto final digital de API de Organizaci\u00f3n<\/h2><\/div>\r\n\t\t\t\t<div class='contents'>\r\n\t\t\t\t\t\n\n<p>El recurso de Organizaci\u00f3n brinda informaci\u00f3n acerca de las organizaciones de atenci\u00f3n m\u00e9dica (p. ej.: hospitales, pr\u00e1cticas grupales, farmacias), incluidos nombres, informaci\u00f3n de contacto e identificadores.<\/p>\n\n\n\n<p><a href=\"https:\/\/api.jhhpfhir.com\/r4\/public-pp\/Organization\" target=\"_blank\" rel=\"noreferrer noopener\">https:\/\/api.jhhpfhir.com\/r4\/public-pp\/Organization<\/a><\/p>\n\n\n\n<p><\/p>\n\n\n\n<p><strong><strong>\u00bfTiene preguntas?<\/strong><\/strong> <a href=\"mailto:support@1up.health?cc=cms_interoperability@jhhp.org\"><\/a><a href=\"mailto:support@1up.health?cc=cms_interoperability@jhhp.org\"><strong>Env\u00edenos un correo electr\u00f3nico<\/strong><\/a>.<\/p>\n\n\n\n<p><\/p>\n\n\r\n\t\t\t\t<\/div>\r\n\t\t\t<\/div>\r\n\t\t<\/div>\r\n\t<\/div>\r\n<\/div>\n\n<div id=\"block_e0dda8957893a559a1ee5542f908295e\" class=\"wpfox-wpfox-accordion\">\r\n    <div class=\"wp-container wp-block-group\">\r\n\t\t<div id=\"\" class='wpfox-accordion'>\r\n\t\t\t<div class='wpfox-item'>\r\n\t\t\t\t<div class='topic'><h2 class='wpfox-title'>Punto final digital de API de Ubicaci\u00f3n<\/h2><\/div>\r\n\t\t\t\t<div class='contents'>\r\n\t\t\t\t\t\n\n<p>El recurso de Ubicaci\u00f3n describe los lugares f\u00edsicos donde se brinda la atenci\u00f3n, incluida la direcci\u00f3n, el horario de atenci\u00f3n y los detalles de contacto.<\/p>\n\n\n\n<p><a href=\"https:\/\/api.jhhpfhir.com\/r4\/public-pp\/Location\" target=\"_blank\" rel=\"noreferrer noopener\">https:\/\/api.jhhpfhir.com\/r4\/public-pp\/Location<\/a><\/p>\n\n\n\n<p><\/p>\n\n\n\n<p><strong><strong>\u00bfTiene preguntas?<\/strong><\/strong> <a href=\"mailto:support@1up.health?cc=cms_interoperability@jhhp.org\"><\/a><a href=\"mailto:support@1up.health?cc=cms_interoperability@jhhp.org\"><strong>Env\u00edenos un correo electr\u00f3nico<\/strong><\/a>.<\/p>\n\n\n\n<p><\/p>\n\n\r\n\t\t\t\t<\/div>\r\n\t\t\t<\/div>\r\n\t\t<\/div>\r\n\t<\/div>\r\n<\/div>\n\n<div id=\"block_51425290d1b4eaaee93a75c6145e09c2\" class=\"wpfox-wpfox-accordion\">\r\n    <div class=\"wp-container wp-block-group\">\r\n\t\t<div id=\"\" class='wpfox-accordion'>\r\n\t\t\t<div class='wpfox-item'>\r\n\t\t\t\t<div class='topic'><h2 class='wpfox-title'>Punto final digital de API de Afiliaci\u00f3n a Organizaci\u00f3n<\/h2><\/div>\r\n\t\t\t\t<div class='contents'>\r\n\t\t\t\t\t\n\n<p>El recurso de Afiliaci\u00f3n a Organizaci\u00f3n presenta las relaciones entre las organizaciones, es decir, qu\u00e9 organizaciones operan bajo un sistema de salud principal, comparten servicios o colaboran.<\/p>\n\n\n\n<p><a href=\"https:\/\/api.jhhpfhir.com\/r4\/public-pp\/OrganizationAffiliation\" target=\"_blank\" rel=\"noreferrer noopener\">https:\/\/api.jhhpfhir.com\/r4\/public-pp\/OrganizationAffiliation<\/a><\/p>\n\n\n\n<p><\/p>\n\n\n\n<p><strong><strong>\u00bfTiene preguntas?<\/strong><\/strong> <a href=\"mailto:support@1up.health?cc=cms_interoperability@jhhp.org\"><\/a><a href=\"mailto:support@1up.health?cc=cms_interoperability@jhhp.org\"><strong>Env\u00edenos un correo electr\u00f3nico<\/strong><\/a>.<\/p>\n\n\n\n<p><\/p>\n\n\r\n\t\t\t\t<\/div>\r\n\t\t\t<\/div>\r\n\t\t<\/div>\r\n\t<\/div>\r\n<\/div>\n\n<div id=\"block_a10be4dc2377abcb32c9634c841ad998\" class=\"wpfox-wpfox-accordion\">\r\n    <div class=\"wp-container wp-block-group\">\r\n\t\t<div id=\"\" class='wpfox-accordion'>\r\n\t\t\t<div class='wpfox-item'>\r\n\t\t\t\t<div class='topic'><h2 class='wpfox-title'>Punto final digital de API de Funci\u00f3n de M\u00e9dico<\/h2><\/div>\r\n\t\t\t\t<div class='contents'>\r\n\t\t\t\t\t\n\n<p>El recurso de Funci\u00f3n de M\u00e9dico representa la relaci\u00f3n entre un proveedor o farmacia y un plan de seguro. Se vincula con los recursos M\u00e9dico, Organizaci\u00f3n y Ubicaci\u00f3n, brinda un panorama completo sobre qui\u00e9n brinda atenci\u00f3n, en virtud de qu\u00e9 plan y d\u00f3nde.<\/p>\n\n\n\n<p><a href=\"https:\/\/api.jhhpfhir.com\/r4\/public-pp\/PractitionerRole\" target=\"_blank\" rel=\"noreferrer noopener\">https:\/\/api.jhhpfhir.com\/r4\/public-pp\/PractitionerRole<\/a><\/p>\n\n\n\n<p><\/p>\n\n\n\n<p><strong><strong>\u00bfTiene preguntas?<\/strong><\/strong> <a href=\"mailto:support@1up.health?cc=cms_interoperability@jhhp.org\"><\/a><a href=\"mailto:support@1up.health?cc=cms_interoperability@jhhp.org\"><strong>Env\u00edenos un correo electr\u00f3nico<\/strong><\/a>.<\/p>\n\n\n\n<p><\/p>\n\n\r\n\t\t\t\t<\/div>\r\n\t\t\t<\/div>\r\n\t\t<\/div>\r\n\t<\/div>\r\n<\/div><\/div>\n","protected":false},"excerpt":{"rendered":"<p>Resumen Priority Partners ofrece un servicio de Directorio de Proveedores usando tecnolog\u00eda de API, que ayuda a las aplicaciones a&#8230;<\/p>\n","protected":false},"author":9,"featured_media":0,"parent":14571,"menu_order":0,"comment_status":"closed","ping_status":"closed","template":"","meta":{"_acf_changed":false,"_relevanssi_hide_post":"","_relevanssi_hide_content":"","_relevanssi_pin_for_all":"","_relevanssi_pin_keywords":"","_relevanssi_unpin_keywords":"","_relevanssi_related_keywords":"","_relevanssi_related_include_ids":"","_relevanssi_related_exclude_ids":"","_relevanssi_related_no_append":"","_relevanssi_related_not_related":"","_relevanssi_related_posts":"14944,14916,15364,14924,15524,12185","_relevanssi_noindex_reason":"","inline_featured_image":false,"footnotes":""},"class_list":["post-99916210","page","type-page","status-publish","hentry"],"acf":[],"yoast_head":"<!-- This site is optimized with the Yoast SEO plugin v27.3 - https:\/\/yoast.com\/product\/yoast-seo-wordpress\/ -->\n<title>Directorio de Proveedores - Priority Partners MCO<\/title>\n<meta name=\"robots\" content=\"index, follow, max-snippet:-1, max-image-preview:large, max-video-preview:-1\" \/>\n<link rel=\"canonical\" href=\"https:\/\/www.ppmco.org\/es\/interoperabilidad\/directorio-de-proveedores\/\" \/>\n<meta property=\"og:locale\" content=\"es_ES\" \/>\n<meta property=\"og:type\" content=\"article\" \/>\n<meta property=\"og:title\" content=\"Directorio de Proveedores - Priority Partners MCO\" \/>\n<meta property=\"og:description\" content=\"Resumen Priority Partners ofrece un servicio de Directorio de Proveedores usando tecnolog\u00eda de API, que ayuda a las aplicaciones a...\" \/>\n<meta property=\"og:url\" content=\"https:\/\/www.ppmco.org\/es\/interoperabilidad\/directorio-de-proveedores\/\" \/>\n<meta property=\"og:site_name\" content=\"Priority Partners MCO\" \/>\n<meta property=\"article:publisher\" content=\"https:\/\/www.facebook.com\/PriorityPartners\" \/>\n<meta property=\"article:modified_time\" content=\"2025-08-22T18:59:19+00:00\" \/>\n<meta property=\"og:image\" content=\"https:\/\/www.ppmco.org\/wp-content\/uploads\/2022\/11\/PPMCO_Social-Preview_facebook-1.jpg\" \/>\n\t<meta property=\"og:image:width\" content=\"1600\" \/>\n\t<meta property=\"og:image:height\" content=\"840\" \/>\n\t<meta property=\"og:image:type\" content=\"image\/jpeg\" \/>\n<meta name=\"twitter:card\" content=\"summary_large_image\" \/>\n<meta name=\"twitter:label1\" content=\"Tiempo de lectura\" \/>\n\t<meta name=\"twitter:data1\" content=\"3 minutos\" \/>\n<script type=\"application\/ld+json\" class=\"yoast-schema-graph\">{\"@context\":\"https:\\\/\\\/schema.org\",\"@graph\":[{\"@type\":\"WebPage\",\"@id\":\"https:\\\/\\\/www.ppmco.org\\\/es\\\/interoperabilidad\\\/directorio-de-proveedores\\\/\",\"url\":\"https:\\\/\\\/www.ppmco.org\\\/es\\\/interoperabilidad\\\/directorio-de-proveedores\\\/\",\"name\":\"Directorio de Proveedores - Priority Partners MCO\",\"isPartOf\":{\"@id\":\"https:\\\/\\\/www.ppmco.org\\\/#website\"},\"datePublished\":\"2025-08-22T16:42:45+00:00\",\"dateModified\":\"2025-08-22T18:59:19+00:00\",\"breadcrumb\":{\"@id\":\"https:\\\/\\\/www.ppmco.org\\\/es\\\/interoperabilidad\\\/directorio-de-proveedores\\\/#breadcrumb\"},\"inLanguage\":\"es\",\"potentialAction\":[{\"@type\":\"ReadAction\",\"target\":[\"https:\\\/\\\/www.ppmco.org\\\/es\\\/interoperabilidad\\\/directorio-de-proveedores\\\/\"]}]},{\"@type\":\"BreadcrumbList\",\"@id\":\"https:\\\/\\\/www.ppmco.org\\\/es\\\/interoperabilidad\\\/directorio-de-proveedores\\\/#breadcrumb\",\"itemListElement\":[{\"@type\":\"ListItem\",\"position\":1,\"name\":\"Home\",\"item\":\"https:\\\/\\\/www.ppmco.org\\\/es\\\/\"},{\"@type\":\"ListItem\",\"position\":2,\"name\":\"Interoperabilidad\",\"item\":\"https:\\\/\\\/www.ppmco.org\\\/es\\\/interoperabilidad\\\/\"},{\"@type\":\"ListItem\",\"position\":3,\"name\":\"Directorio de Proveedores\"}]},{\"@type\":\"WebSite\",\"@id\":\"https:\\\/\\\/www.ppmco.org\\\/#website\",\"url\":\"https:\\\/\\\/www.ppmco.org\\\/\",\"name\":\"Priority Partners MCO\",\"description\":\"Low and no-cost healthcare for qualified Maryland residents\",\"publisher\":{\"@id\":\"https:\\\/\\\/www.ppmco.org\\\/#organization\"},\"alternateName\":\"PPMCO\",\"potentialAction\":[{\"@type\":\"SearchAction\",\"target\":{\"@type\":\"EntryPoint\",\"urlTemplate\":\"https:\\\/\\\/www.ppmco.org\\\/?s={search_term_string}\"},\"query-input\":{\"@type\":\"PropertyValueSpecification\",\"valueRequired\":true,\"valueName\":\"search_term_string\"}}],\"inLanguage\":\"es\"},{\"@type\":\"Organization\",\"@id\":\"https:\\\/\\\/www.ppmco.org\\\/#organization\",\"name\":\"Priority Partners MCO\",\"url\":\"https:\\\/\\\/www.ppmco.org\\\/\",\"logo\":{\"@type\":\"ImageObject\",\"inLanguage\":\"es\",\"@id\":\"https:\\\/\\\/www.ppmco.org\\\/#\\\/schema\\\/logo\\\/image\\\/\",\"url\":\"https:\\\/\\\/www.ppmco.org\\\/wp-content\\\/uploads\\\/2022\\\/03\\\/logo.png\",\"contentUrl\":\"https:\\\/\\\/www.ppmco.org\\\/wp-content\\\/uploads\\\/2022\\\/03\\\/logo.png\",\"width\":635,\"height\":177,\"caption\":\"Priority Partners MCO\"},\"image\":{\"@id\":\"https:\\\/\\\/www.ppmco.org\\\/#\\\/schema\\\/logo\\\/image\\\/\"},\"sameAs\":[\"https:\\\/\\\/www.facebook.com\\\/PriorityPartners\",\"https:\\\/\\\/www.youtube.com\\\/user\\\/PriorityPartners\",\"https:\\\/\\\/www.instagram.com\\\/prioritypartners\\\/\"]}]}<\/script>\n<!-- \/ Yoast SEO plugin. -->","yoast_head_json":{"title":"Directorio de Proveedores - Priority Partners MCO","robots":{"index":"index","follow":"follow","max-snippet":"max-snippet:-1","max-image-preview":"max-image-preview:large","max-video-preview":"max-video-preview:-1"},"canonical":"https:\/\/www.ppmco.org\/es\/interoperabilidad\/directorio-de-proveedores\/","og_locale":"es_ES","og_type":"article","og_title":"Directorio de Proveedores - Priority Partners MCO","og_description":"Resumen Priority Partners ofrece un servicio de Directorio de Proveedores usando tecnolog\u00eda de API, que ayuda a las aplicaciones a...","og_url":"https:\/\/www.ppmco.org\/es\/interoperabilidad\/directorio-de-proveedores\/","og_site_name":"Priority Partners MCO","article_publisher":"https:\/\/www.facebook.com\/PriorityPartners","article_modified_time":"2025-08-22T18:59:19+00:00","og_image":[{"width":1600,"height":840,"url":"https:\/\/www.ppmco.org\/wp-content\/uploads\/2022\/11\/PPMCO_Social-Preview_facebook-1.jpg","type":"image\/jpeg"}],"twitter_card":"summary_large_image","twitter_misc":{"Tiempo de lectura":"3 minutos"},"schema":{"@context":"https:\/\/schema.org","@graph":[{"@type":"WebPage","@id":"https:\/\/www.ppmco.org\/es\/interoperabilidad\/directorio-de-proveedores\/","url":"https:\/\/www.ppmco.org\/es\/interoperabilidad\/directorio-de-proveedores\/","name":"Directorio de Proveedores - Priority Partners MCO","isPartOf":{"@id":"https:\/\/www.ppmco.org\/#website"},"datePublished":"2025-08-22T16:42:45+00:00","dateModified":"2025-08-22T18:59:19+00:00","breadcrumb":{"@id":"https:\/\/www.ppmco.org\/es\/interoperabilidad\/directorio-de-proveedores\/#breadcrumb"},"inLanguage":"es","potentialAction":[{"@type":"ReadAction","target":["https:\/\/www.ppmco.org\/es\/interoperabilidad\/directorio-de-proveedores\/"]}]},{"@type":"BreadcrumbList","@id":"https:\/\/www.ppmco.org\/es\/interoperabilidad\/directorio-de-proveedores\/#breadcrumb","itemListElement":[{"@type":"ListItem","position":1,"name":"Home","item":"https:\/\/www.ppmco.org\/es\/"},{"@type":"ListItem","position":2,"name":"Interoperabilidad","item":"https:\/\/www.ppmco.org\/es\/interoperabilidad\/"},{"@type":"ListItem","position":3,"name":"Directorio de Proveedores"}]},{"@type":"WebSite","@id":"https:\/\/www.ppmco.org\/#website","url":"https:\/\/www.ppmco.org\/","name":"Priority Partners MCO","description":"Low and no-cost healthcare for qualified Maryland residents","publisher":{"@id":"https:\/\/www.ppmco.org\/#organization"},"alternateName":"PPMCO","potentialAction":[{"@type":"SearchAction","target":{"@type":"EntryPoint","urlTemplate":"https:\/\/www.ppmco.org\/?s={search_term_string}"},"query-input":{"@type":"PropertyValueSpecification","valueRequired":true,"valueName":"search_term_string"}}],"inLanguage":"es"},{"@type":"Organization","@id":"https:\/\/www.ppmco.org\/#organization","name":"Priority Partners MCO","url":"https:\/\/www.ppmco.org\/","logo":{"@type":"ImageObject","inLanguage":"es","@id":"https:\/\/www.ppmco.org\/#\/schema\/logo\/image\/","url":"https:\/\/www.ppmco.org\/wp-content\/uploads\/2022\/03\/logo.png","contentUrl":"https:\/\/www.ppmco.org\/wp-content\/uploads\/2022\/03\/logo.png","width":635,"height":177,"caption":"Priority Partners MCO"},"image":{"@id":"https:\/\/www.ppmco.org\/#\/schema\/logo\/image\/"},"sameAs":["https:\/\/www.facebook.com\/PriorityPartners","https:\/\/www.youtube.com\/user\/PriorityPartners","https:\/\/www.instagram.com\/prioritypartners\/"]}]}},"_links":{"self":[{"href":"https:\/\/www.ppmco.org\/es\/wp-json\/wp\/v2\/pages\/99916210","targetHints":{"allow":["GET"]}}],"collection":[{"href":"https:\/\/www.ppmco.org\/es\/wp-json\/wp\/v2\/pages"}],"about":[{"href":"https:\/\/www.ppmco.org\/es\/wp-json\/wp\/v2\/types\/page"}],"author":[{"embeddable":true,"href":"https:\/\/www.ppmco.org\/es\/wp-json\/wp\/v2\/users\/9"}],"replies":[{"embeddable":true,"href":"https:\/\/www.ppmco.org\/es\/wp-json\/wp\/v2\/comments?post=99916210"}],"version-history":[{"count":5,"href":"https:\/\/www.ppmco.org\/es\/wp-json\/wp\/v2\/pages\/99916210\/revisions"}],"predecessor-version":[{"id":99916691,"href":"https:\/\/www.ppmco.org\/es\/wp-json\/wp\/v2\/pages\/99916210\/revisions\/99916691"}],"up":[{"embeddable":true,"href":"https:\/\/www.ppmco.org\/es\/wp-json\/wp\/v2\/pages\/14571"}],"wp:attachment":[{"href":"https:\/\/www.ppmco.org\/es\/wp-json\/wp\/v2\/media?parent=99916210"}],"curies":[{"name":"wp","href":"https:\/\/api.w.org\/{rel}","templated":true}]}}