{"id":99916415,"date":"2025-08-22T16:42:36","date_gmt":"2025-08-22T16:42:36","guid":{"rendered":"https:\/\/www.ppmco.org\/?page_id=99916415"},"modified":"2025-08-22T18:57:04","modified_gmt":"2025-08-22T18:57:04","slug":"api-de-acceso-de-los-pacientes","status":"publish","type":"page","link":"https:\/\/www.ppmco.org\/es\/interoperabilidad\/api-de-acceso-de-los-pacientes\/","title":{"rendered":"API de Acceso de los Pacientes"},"content":{"rendered":"<div id=\"block_e764d62031dbef2328953dcbf89957b5\" class=\"wpfox-page-header simple\" style=\"\">\r\n\t<div class=\"wrapper banner\">\r\n\t\t<div class=\"bg-glow\"><\/div>\r\n\t\t\t\t<div class=\"text-block\">\r\n\t\t\t\n\n<h1 class=\"wp-block-heading page-title has-h-3-font-size\">Interoperabilidad<\/h1>\n\n\n\n<h2 class=\"wp-block-heading has-h-1-font-size\">API de acceso para los pacientes<\/h2>\n\n\r\n\t\t<\/div>\r\n\t\t\t<\/div>\r\n\t<\/div>\n\n\n<div class=\"wp-block-group is-style-section-padding is-layout-flow wp-block-group-is-layout-flow\">\n<div class=\"wp-block-columns is-layout-flex wp-container-core-columns-is-layout-9d6595d7 wp-block-columns-is-layout-flex\">\n<div class=\"wp-block-column is-layout-flow wp-block-column-is-layout-flow\" style=\"flex-basis:50%\">\n<h2 class=\"wp-block-heading has-h-3-featured-font-size\">Controle sus datos de salud cuando use aplicaciones externas<\/h2>\n\n\n\n<p class=\"is-style-default\">Priority Partners quiere asegurarse de que usted pueda consultar su informaci\u00f3n m\u00e9dica cuando sea necesario. Los Centros para los Servicios de Medicare y Medicaid (o CMS) nos exigen ahora proporcionar esta informaci\u00f3n a trav\u00e9s de una \u201cAPI de acceso para los pacientes\u201d. Esta API (interfaz de programaci\u00f3n de aplicaciones) otorga a los programadores un permiso para crear aplicaciones que le permiten acceder a informaci\u00f3n detallada sobre su historial cl\u00ednico. Puede descargar estas aplicaciones desde su computadora y\/o sus dispositivos m\u00f3viles. Puede mostrar esta informaci\u00f3n a sus m\u00e9dicos y en los centros donde reciba atenci\u00f3n m\u00e9dica. Al poder compartir su expediente cl\u00ednico con todas las personas que le prestan atenci\u00f3n m\u00e9dica, les facilita trabajar con usted, y colaborar, para que se mantenga saludable.<\/p>\n<\/div>\n\n\n\n<div class=\"wp-block-column is-layout-flow wp-block-column-is-layout-flow\" style=\"flex-basis:40%\">\n<div class=\"wp-block-group is-style-sidebar-block has-light-purple-background-color has-background is-layout-flow wp-block-group-is-layout-flow\">\n<h3 class=\"wp-block-heading has-text-align-center has-purple-color has-text-color\"><strong>Aplicaciones de salud de confianza<\/strong><\/h3>\n\n\n\n<p class=\"has-text-align-center has-intro-font-size\">Use una de nuestras aplicaciones de terceros aprobadas para acceder y gestionar su informaci\u00f3n de salud de manera segura.<\/p>\n\n\n\n<div class=\"wp-block-buttons is-style-margin-top-20 is-content-justification-center is-layout-flex wp-container-core-buttons-is-layout-16018d1d wp-block-buttons-is-layout-flex\">\n<div class=\"wp-block-button has-custom-width wp-block-button__width-100 is-style-button-external\"><a class=\"wp-block-button__link wp-element-button\" href=\"https:\/\/docs.1up.health\/help-center\/Content\/en-US\/get-started\/cms-patient-access\/third-party-apps.html\" target=\"_blank\" rel=\"noreferrer noopener\">V<strong>ea las aplicaciones aprobada<\/strong>s<\/a><\/div>\n<\/div>\n<\/div>\n<\/div>\n<\/div>\n\n\n\n<p class=\"is-style-default\">\u00bfTiene preguntas? Llame a nuestra l\u00ednea especial de Atenci\u00f3n al cliente al <a href=\"tel:8442534072\">844-253-4072<\/a>.<\/p>\n\n\n\n<h2 class=\"wp-block-heading margin-top-50 has-purple-color has-text-color has-link-color has-h-3-featured-font-size wp-elements-8ae3d34dd2a86d893e18ed5709f92172\" id=\"guard\">Medidas de seguridad para su informaci\u00f3n<\/h2>\n\n\n\n<h4 class=\"wp-block-heading\"><strong>Protecci\u00f3n de sus datos<\/strong><\/h4>\n\n\n\n<p class=\"is-style-default\">La informaci\u00f3n que comparte con estas aplicaciones incluye datos relacionados con sus interacciones con sus proveedores de atenci\u00f3n m\u00e9dica y datos que Priority Partners recopila cuando le brinda tratamiento u otros servicios para usted. <strong>Como tal, la informaci\u00f3n divulgada puede revelar datos potencialmente sensibles como diagn\u00f3sticos m\u00e9dicos, procedimientos y medicamentos, que podr\u00edan contener informaci\u00f3n relacionada con la salud reproductiva, el abuso de sustancias y m\u00e1s.<\/strong> Si permite que una aplicaci\u00f3n acceda a sus datos, usted autoriza el acceso a todos sus datos.<\/p>\n\n\n\n<p class=\"is-style-default\">Usted puede decidir de manera completamente voluntaria descargar y usar una aplicaci\u00f3n para esta informaci\u00f3n. Tenga en cuenta que si decide usar una aplicaci\u00f3n para acceder a su historia cl\u00ednica, la aplicaci\u00f3n tendr\u00e1 acceso a toda su informaci\u00f3n. Las regulaciones de HIPAA est\u00e1n dise\u00f1adas para proteger su informaci\u00f3n m\u00e9dica personal; pero estas aplicaciones no est\u00e1n obligadas a cumplir con estas regulaciones. Cada aplicaci\u00f3n impondr\u00e1 sus propias restricciones sobre c\u00f3mo usar\u00e1, divulgar\u00e1 y, en algunos casos, vender\u00e1 informaci\u00f3n sobre usted. Estas aplicaciones deben tener una pol\u00edtica donde se detalle todo esto.    <\/p>\n\n\n\n<p class=\"is-style-default\">Despu\u00e9s de que descargue una aplicaci\u00f3n y solicite su historia cl\u00ednica de parte de Priority Partners, ya no podremos monitorear ni controlar lo que la aplicaci\u00f3n haga con sus datos. Le sugerimos fervientemente que revise la pol\u00edtica de privacidad de la aplicaci\u00f3n antes de descargarla y de autorizarla a recibir sus datos.  Aseg\u00farese de conocer todos los aspectos de lo que la aplicaci\u00f3n har\u00e1 o podr\u00eda hacer con su informaci\u00f3n.<\/p>\n\n\n\n<p class=\"is-style-default\">Cuando revise una aplicaci\u00f3n, averig\u00fce si hace lo siguiente, y de qu\u00e9 manera lo hace:<\/p>\n\n\n\n<ul class=\"wp-block-list\">\n<li>Protege sus datos<\/li>\n\n\n\n<li>Usa sus datos<\/li>\n\n\n\n<li>Vende sus datos por cualquier motivo<\/li>\n\n\n\n<li>Divulga sus datos a terceros, como a investigadores y anunciantes<\/li>\n\n\n\n<li>Le permite limitar lo que la aplicaci\u00f3n hace con sus datos<\/li>\n\n\n\n<li>Le permite dejar de compartir su informaci\u00f3n y detener lo dif\u00edcil que es el proceso<\/li>\n\n\n\n<li>Le avisa sobre cambios a su pol\u00edtica de privacidad<\/li>\n\n\n\n<li>Recopila datos no m\u00e9dicos de su dispositivo, como su ubicaci\u00f3n<\/li>\n\n\n\n<li>Podr\u00eda acceder a informaci\u00f3n sobre sus familiares<\/li>\n\n\n\n<li>Le permite corregir la informaci\u00f3n dentro de la aplicaci\u00f3n<\/li>\n\n\n\n<li>Recopilar quejas y responder a ellas<\/li>\n<\/ul>\n\n\n\n<p class=\"is-style-default\">Solo descargue y use una aplicaci\u00f3n si est\u00e1 de acuerdo con estas consideraciones. <a href=\"https:\/\/www.consumer.ftc.gov\/articles\/0018-understanding-mobile-apps\" rel=\"noreferrer noopener\" target=\"_blank\">Obtenga m\u00e1s informaci\u00f3n sobre la privacidad de las aplicaciones m\u00f3viles.<\/a><\/p>\n\n\n\n<h4 class=\"wp-block-heading\">Interfaz de programaci\u00f3n de aplicaciones del directorio de proveedores<\/h4>\n\n\n\n<p class=\"is-style-default\">Priority Partners ha dado permiso para que los desarrolladores creen una herramienta que permita a los usuarios buscar informaci\u00f3n sobre los proveedores de atenci\u00f3n m\u00e9dica de nuestra red. Los desarrolladores de esta herramienta no tendr\u00e1n acceso a la informaci\u00f3n de salud de los miembros.<\/p>\n\n\n\n<p class=\"is-style-default\">\u00bfTiene preguntas? Llame a nuestra l\u00ednea especial de Atenci\u00f3n al cliente al <a href=\"tel:8442534072\">844-253-4072<\/a>.<\/p>\n\n\n\n<h4 class=\"wp-block-heading\">Entidades Cubiertas por la ley HIPAA<\/h4>\n\n\n\n<p class=\"is-style-default\">Priority Partners debe seguir las regulaciones y las disposiciones de la ley HIPAA para proteger su informaci\u00f3n. <a href=\"https:\/\/www.hhs.gov\/hipaa\/filing-a-complaint\/index.html\" target=\"_blank\" rel=\"noreferrer noopener\">Obtenga m\u00e1s informaci\u00f3n sobre sus derechos y qui\u00e9nes est\u00e1n sujetos a la ley HIPAA.<\/a> Si desea presentar una queja bajo los t\u00e9rminos de la ley HIPAA ante la Oficina de Derechos Civiles, visite <a href=\"https:\/\/www.hhs.gov\/hipaa\/filing-a-complaint\/index.html\" target=\"_blank\" rel=\"noreferrer noopener\">C\u00f3mo presentar una queja<\/a>.<\/p>\n\n\n\n<p class=\"is-style-default\">Las aplicaciones externas podr\u00edan no estar sujetas a la ley HIPAA. La mayor\u00eda de las aplicaciones cuenta con un aviso de privacidad y est\u00e1n obligadas a cumplir con los t\u00e9rminos que constan en este. La Comisi\u00f3n Federal de Valores (FTC) supervisa estas aplicaciones. Puede <a href=\"https:\/\/reportefraude.ftc.gov\/\" target=\"_blank\" rel=\"noreferrer noopener\">presentar una queja<\/a> ante la FTC si considera que una aplicaci\u00f3n incumpli\u00f3 su pol\u00edtica de privacidad.<\/p>\n<\/div>\n","protected":false},"excerpt":{"rendered":"<p>Controle sus datos de salud cuando use aplicaciones externas Priority Partners quiere asegurarse de que usted pueda consultar su informaci\u00f3n&#8230;<\/p>\n","protected":false},"author":9,"featured_media":0,"parent":14571,"menu_order":0,"comment_status":"closed","ping_status":"closed","template":"","meta":{"_acf_changed":false,"_relevanssi_hide_post":"","_relevanssi_hide_content":"","_relevanssi_pin_for_all":"","_relevanssi_pin_keywords":"","_relevanssi_unpin_keywords":"","_relevanssi_related_keywords":"","_relevanssi_related_include_ids":"","_relevanssi_related_exclude_ids":"","_relevanssi_related_no_append":"","_relevanssi_related_not_related":"","_relevanssi_related_posts":"14944,14916,15364,14924,15524,12185","_relevanssi_noindex_reason":"","inline_featured_image":false,"footnotes":""},"class_list":["post-99916415","page","type-page","status-publish","hentry"],"acf":[],"yoast_head":"<!-- This site is optimized with the Yoast SEO plugin v27.3 - https:\/\/yoast.com\/product\/yoast-seo-wordpress\/ -->\n<title>API de Acceso de los Pacientes - Priority Partners MCO<\/title>\n<meta name=\"robots\" content=\"index, follow, max-snippet:-1, max-image-preview:large, max-video-preview:-1\" \/>\n<link rel=\"canonical\" href=\"https:\/\/www.ppmco.org\/es\/interoperabilidad\/api-de-acceso-de-los-pacientes\/\" \/>\n<meta property=\"og:locale\" content=\"es_ES\" \/>\n<meta property=\"og:type\" content=\"article\" \/>\n<meta property=\"og:title\" content=\"API de Acceso de los Pacientes - Priority Partners MCO\" \/>\n<meta property=\"og:description\" content=\"Controle sus datos de salud cuando use aplicaciones externas Priority Partners quiere asegurarse de que usted pueda consultar su informaci\u00f3n...\" \/>\n<meta property=\"og:url\" content=\"https:\/\/www.ppmco.org\/es\/interoperabilidad\/api-de-acceso-de-los-pacientes\/\" \/>\n<meta property=\"og:site_name\" content=\"Priority Partners MCO\" \/>\n<meta property=\"article:publisher\" content=\"https:\/\/www.facebook.com\/PriorityPartners\" \/>\n<meta property=\"article:modified_time\" content=\"2025-08-22T18:57:04+00:00\" \/>\n<meta property=\"og:image\" content=\"https:\/\/www.ppmco.org\/wp-content\/uploads\/2022\/11\/PPMCO_Social-Preview_facebook-1.jpg\" \/>\n\t<meta property=\"og:image:width\" content=\"1600\" \/>\n\t<meta property=\"og:image:height\" content=\"840\" \/>\n\t<meta property=\"og:image:type\" content=\"image\/jpeg\" \/>\n<meta name=\"twitter:card\" content=\"summary_large_image\" \/>\n<meta name=\"twitter:label1\" content=\"Tiempo de lectura\" \/>\n\t<meta name=\"twitter:data1\" content=\"4 minutos\" \/>\n<script type=\"application\/ld+json\" class=\"yoast-schema-graph\">{\"@context\":\"https:\\\/\\\/schema.org\",\"@graph\":[{\"@type\":\"WebPage\",\"@id\":\"https:\\\/\\\/www.ppmco.org\\\/es\\\/interoperabilidad\\\/api-de-acceso-de-los-pacientes\\\/\",\"url\":\"https:\\\/\\\/www.ppmco.org\\\/es\\\/interoperabilidad\\\/api-de-acceso-de-los-pacientes\\\/\",\"name\":\"API de Acceso de los Pacientes - Priority Partners MCO\",\"isPartOf\":{\"@id\":\"https:\\\/\\\/www.ppmco.org\\\/#website\"},\"datePublished\":\"2025-08-22T16:42:36+00:00\",\"dateModified\":\"2025-08-22T18:57:04+00:00\",\"breadcrumb\":{\"@id\":\"https:\\\/\\\/www.ppmco.org\\\/es\\\/interoperabilidad\\\/api-de-acceso-de-los-pacientes\\\/#breadcrumb\"},\"inLanguage\":\"es\",\"potentialAction\":[{\"@type\":\"ReadAction\",\"target\":[\"https:\\\/\\\/www.ppmco.org\\\/es\\\/interoperabilidad\\\/api-de-acceso-de-los-pacientes\\\/\"]}]},{\"@type\":\"BreadcrumbList\",\"@id\":\"https:\\\/\\\/www.ppmco.org\\\/es\\\/interoperabilidad\\\/api-de-acceso-de-los-pacientes\\\/#breadcrumb\",\"itemListElement\":[{\"@type\":\"ListItem\",\"position\":1,\"name\":\"Home\",\"item\":\"https:\\\/\\\/www.ppmco.org\\\/es\\\/\"},{\"@type\":\"ListItem\",\"position\":2,\"name\":\"Interoperabilidad\",\"item\":\"https:\\\/\\\/www.ppmco.org\\\/es\\\/interoperabilidad\\\/\"},{\"@type\":\"ListItem\",\"position\":3,\"name\":\"API de Acceso de los Pacientes\"}]},{\"@type\":\"WebSite\",\"@id\":\"https:\\\/\\\/www.ppmco.org\\\/#website\",\"url\":\"https:\\\/\\\/www.ppmco.org\\\/\",\"name\":\"Priority Partners MCO\",\"description\":\"Low and no-cost healthcare for qualified Maryland residents\",\"publisher\":{\"@id\":\"https:\\\/\\\/www.ppmco.org\\\/#organization\"},\"alternateName\":\"PPMCO\",\"potentialAction\":[{\"@type\":\"SearchAction\",\"target\":{\"@type\":\"EntryPoint\",\"urlTemplate\":\"https:\\\/\\\/www.ppmco.org\\\/?s={search_term_string}\"},\"query-input\":{\"@type\":\"PropertyValueSpecification\",\"valueRequired\":true,\"valueName\":\"search_term_string\"}}],\"inLanguage\":\"es\"},{\"@type\":\"Organization\",\"@id\":\"https:\\\/\\\/www.ppmco.org\\\/#organization\",\"name\":\"Priority Partners MCO\",\"url\":\"https:\\\/\\\/www.ppmco.org\\\/\",\"logo\":{\"@type\":\"ImageObject\",\"inLanguage\":\"es\",\"@id\":\"https:\\\/\\\/www.ppmco.org\\\/#\\\/schema\\\/logo\\\/image\\\/\",\"url\":\"https:\\\/\\\/www.ppmco.org\\\/wp-content\\\/uploads\\\/2022\\\/03\\\/logo.png\",\"contentUrl\":\"https:\\\/\\\/www.ppmco.org\\\/wp-content\\\/uploads\\\/2022\\\/03\\\/logo.png\",\"width\":635,\"height\":177,\"caption\":\"Priority Partners MCO\"},\"image\":{\"@id\":\"https:\\\/\\\/www.ppmco.org\\\/#\\\/schema\\\/logo\\\/image\\\/\"},\"sameAs\":[\"https:\\\/\\\/www.facebook.com\\\/PriorityPartners\",\"https:\\\/\\\/www.youtube.com\\\/user\\\/PriorityPartners\",\"https:\\\/\\\/www.instagram.com\\\/prioritypartners\\\/\"]}]}<\/script>\n<!-- \/ Yoast SEO plugin. -->","yoast_head_json":{"title":"API de Acceso de los Pacientes - Priority Partners MCO","robots":{"index":"index","follow":"follow","max-snippet":"max-snippet:-1","max-image-preview":"max-image-preview:large","max-video-preview":"max-video-preview:-1"},"canonical":"https:\/\/www.ppmco.org\/es\/interoperabilidad\/api-de-acceso-de-los-pacientes\/","og_locale":"es_ES","og_type":"article","og_title":"API de Acceso de los Pacientes - Priority Partners MCO","og_description":"Controle sus datos de salud cuando use aplicaciones externas Priority Partners quiere asegurarse de que usted pueda consultar su informaci\u00f3n...","og_url":"https:\/\/www.ppmco.org\/es\/interoperabilidad\/api-de-acceso-de-los-pacientes\/","og_site_name":"Priority Partners MCO","article_publisher":"https:\/\/www.facebook.com\/PriorityPartners","article_modified_time":"2025-08-22T18:57:04+00:00","og_image":[{"width":1600,"height":840,"url":"https:\/\/www.ppmco.org\/wp-content\/uploads\/2022\/11\/PPMCO_Social-Preview_facebook-1.jpg","type":"image\/jpeg"}],"twitter_card":"summary_large_image","twitter_misc":{"Tiempo de lectura":"4 minutos"},"schema":{"@context":"https:\/\/schema.org","@graph":[{"@type":"WebPage","@id":"https:\/\/www.ppmco.org\/es\/interoperabilidad\/api-de-acceso-de-los-pacientes\/","url":"https:\/\/www.ppmco.org\/es\/interoperabilidad\/api-de-acceso-de-los-pacientes\/","name":"API de Acceso de los Pacientes - Priority Partners MCO","isPartOf":{"@id":"https:\/\/www.ppmco.org\/#website"},"datePublished":"2025-08-22T16:42:36+00:00","dateModified":"2025-08-22T18:57:04+00:00","breadcrumb":{"@id":"https:\/\/www.ppmco.org\/es\/interoperabilidad\/api-de-acceso-de-los-pacientes\/#breadcrumb"},"inLanguage":"es","potentialAction":[{"@type":"ReadAction","target":["https:\/\/www.ppmco.org\/es\/interoperabilidad\/api-de-acceso-de-los-pacientes\/"]}]},{"@type":"BreadcrumbList","@id":"https:\/\/www.ppmco.org\/es\/interoperabilidad\/api-de-acceso-de-los-pacientes\/#breadcrumb","itemListElement":[{"@type":"ListItem","position":1,"name":"Home","item":"https:\/\/www.ppmco.org\/es\/"},{"@type":"ListItem","position":2,"name":"Interoperabilidad","item":"https:\/\/www.ppmco.org\/es\/interoperabilidad\/"},{"@type":"ListItem","position":3,"name":"API de Acceso de los Pacientes"}]},{"@type":"WebSite","@id":"https:\/\/www.ppmco.org\/#website","url":"https:\/\/www.ppmco.org\/","name":"Priority Partners MCO","description":"Low and no-cost healthcare for qualified Maryland residents","publisher":{"@id":"https:\/\/www.ppmco.org\/#organization"},"alternateName":"PPMCO","potentialAction":[{"@type":"SearchAction","target":{"@type":"EntryPoint","urlTemplate":"https:\/\/www.ppmco.org\/?s={search_term_string}"},"query-input":{"@type":"PropertyValueSpecification","valueRequired":true,"valueName":"search_term_string"}}],"inLanguage":"es"},{"@type":"Organization","@id":"https:\/\/www.ppmco.org\/#organization","name":"Priority Partners MCO","url":"https:\/\/www.ppmco.org\/","logo":{"@type":"ImageObject","inLanguage":"es","@id":"https:\/\/www.ppmco.org\/#\/schema\/logo\/image\/","url":"https:\/\/www.ppmco.org\/wp-content\/uploads\/2022\/03\/logo.png","contentUrl":"https:\/\/www.ppmco.org\/wp-content\/uploads\/2022\/03\/logo.png","width":635,"height":177,"caption":"Priority Partners MCO"},"image":{"@id":"https:\/\/www.ppmco.org\/#\/schema\/logo\/image\/"},"sameAs":["https:\/\/www.facebook.com\/PriorityPartners","https:\/\/www.youtube.com\/user\/PriorityPartners","https:\/\/www.instagram.com\/prioritypartners\/"]}]}},"_links":{"self":[{"href":"https:\/\/www.ppmco.org\/es\/wp-json\/wp\/v2\/pages\/99916415","targetHints":{"allow":["GET"]}}],"collection":[{"href":"https:\/\/www.ppmco.org\/es\/wp-json\/wp\/v2\/pages"}],"about":[{"href":"https:\/\/www.ppmco.org\/es\/wp-json\/wp\/v2\/types\/page"}],"author":[{"embeddable":true,"href":"https:\/\/www.ppmco.org\/es\/wp-json\/wp\/v2\/users\/9"}],"replies":[{"embeddable":true,"href":"https:\/\/www.ppmco.org\/es\/wp-json\/wp\/v2\/comments?post=99916415"}],"version-history":[{"count":3,"href":"https:\/\/www.ppmco.org\/es\/wp-json\/wp\/v2\/pages\/99916415\/revisions"}],"predecessor-version":[{"id":99916690,"href":"https:\/\/www.ppmco.org\/es\/wp-json\/wp\/v2\/pages\/99916415\/revisions\/99916690"}],"up":[{"embeddable":true,"href":"https:\/\/www.ppmco.org\/es\/wp-json\/wp\/v2\/pages\/14571"}],"wp:attachment":[{"href":"https:\/\/www.ppmco.org\/es\/wp-json\/wp\/v2\/media?parent=99916415"}],"curies":[{"name":"wp","href":"https:\/\/api.w.org\/{rel}","templated":true}]}}