{"id":99917857,"date":"2026-03-30T18:58:18","date_gmt":"2026-03-30T18:58:18","guid":{"rendered":"https:\/\/www.ppmco.org\/transparencia-informacion-de-cobertura\/"},"modified":"2026-03-31T20:26:41","modified_gmt":"2026-03-31T20:26:41","slug":"transparencia-informacion-de-cobertura","status":"publish","type":"page","link":"https:\/\/www.ppmco.org\/es\/transparencia-informacion-de-cobertura\/","title":{"rendered":"Transparencia e informaci\u00f3n de cobertura"},"content":{"rendered":"<div id=\"block_ecbd997d15bffa31b30768c5864cf5af\" class=\"wpfox-page-header simple\" style=\"--heading-width: 65;\">\r\n\t<div class=\"wrapper banner\">\r\n\t\t<div class=\"bg-glow\"><\/div>\r\n\t\t\t\t<div class=\"text-block\">\r\n\t\t\t\n\n<h1 class=\"wp-block-heading page-title has-h-3-font-size\">Transparencia e informaci\u00f3n de cobertura<\/h1>\n\n\n\n<h2 class=\"wp-block-heading has-h-1-font-size\">Decisiones de cobertura reportes<\/h2>\n\n\r\n\t\t<\/div>\r\n\t\t\t<\/div>\r\n\t<\/div>\n\n\n<div class=\"wp-block-group alignfull is-style-section-padding mobile-margin-bottom-0 mobile-padding-bottom-0 is-layout-flow wp-block-group-is-layout-flow\">\n<div class=\"wp-block-columns is-style-sidebar-section is-layout-flex wp-container-core-columns-is-layout-9d6595d7 wp-block-columns-is-layout-flex\">\n<div class=\"wp-block-column is-layout-flow wp-block-column-is-layout-flow\" style=\"flex-basis:66.66%\">\n<p class=\"has-intro-font-size\" id=\"eligibility\"><strong>Algunos servicios, procedimientos y art\u00edculos de atenci\u00f3n m\u00e9dica deben ser aprobados antes de que Priority Partners pueda cubrirlos.<\/strong><\/p>\n\n\n\n<p>Queremos que tenga informaci\u00f3n clara sobre estas decisiones de cobertura. En esta p\u00e1gina, encontrar\u00e1 informaci\u00f3n sobre las solicitudes de autorizaci\u00f3n previa, incluidas las aprobaciones, denegaciones y tiempos de respuesta. Priority Partners publica estos datos cada a\u00f1o.<\/p>\n\n\n\n<div class=\"wp-block-buttons is-layout-flex wp-block-buttons-is-layout-flex\">\n<div class=\"wp-block-button is-style-button-download\"><a class=\"wp-block-button__link wp-element-button\" href=\"\/wp-content\/uploads\/2026\/03\/pp-pa-metrics-spanish.pdf\" target=\"_blank\" rel=\"noreferrer noopener\">Ver las m\u00e9tricas de autorizaci\u00f3n previa de 2025<br><\/a><\/div>\n<\/div>\n<\/div>\n\n\n\n<div class=\"wp-block-column is-layout-flow wp-block-column-is-layout-flow\" style=\"flex-basis:33.33%\">\n<div class=\"wp-block-group is-style-sidebar-block has-light-teal-background-color has-background is-layout-flow wp-block-group-is-layout-flow\">\n<h3 class=\"wp-block-heading has-text-align-center\">\u00bfNecesita ayuda?<\/h3>\n\n\n\n<p class=\"has-text-align-center has-intro-font-size\">Nuestro equipo de atenci\u00f3n al cliente est\u00e1 aqu\u00ed para ayudarle. Comun\u00edquese con nosotros en: <\/p>\n\n\n\n<div class=\"wp-block-buttons is-style-margin-top-0 is-content-justification-center is-layout-flex wp-container-core-buttons-is-layout-16018d1d wp-block-buttons-is-layout-flex\">\n<div class=\"wp-block-button is-style-phone-icon-no-tab\"><a class=\"wp-block-button__link wp-element-button\" href=\"<!--[CDATA[tel:8006549728]]--&gt;\">800-654-9728<\/a><\/div>\n<\/div>\n\n\n\n<p class=\"has-text-align-center margin-top-20 has-teal-color has-text-color\"><strong><em>TTY para personas con discapacidades auditivas:<\/em><\/strong><\/p>\n\n\n\n<p class=\"has-text-align-center margin-top-0\">711<\/p>\n<\/div>\n<\/div>\n<\/div>\n<\/div>\n","protected":false},"excerpt":{"rendered":"<p>Algunos servicios, procedimientos y art\u00edculos de atenci\u00f3n m\u00e9dica deben ser aprobados antes de que Priority Partners pueda cubrirlos. Queremos que&#8230;<\/p>\n","protected":false},"author":9,"featured_media":0,"parent":0,"menu_order":0,"comment_status":"closed","ping_status":"closed","template":"","meta":{"_acf_changed":false,"_relevanssi_hide_post":"","_relevanssi_hide_content":"","_relevanssi_pin_for_all":"","_relevanssi_pin_keywords":"","_relevanssi_unpin_keywords":"","_relevanssi_related_keywords":"","_relevanssi_related_include_ids":"","_relevanssi_related_exclude_ids":"","_relevanssi_related_no_append":"","_relevanssi_related_not_related":"","_relevanssi_related_posts":"99912450,15400,12290,15453,15524,99916075","_relevanssi_noindex_reason":"","inline_featured_image":false,"footnotes":""},"class_list":["post-99917857","page","type-page","status-publish","hentry"],"acf":[],"yoast_head":"<!-- This site is optimized with the Yoast SEO plugin v27.6 - https:\/\/yoast.com\/product\/yoast-seo-wordpress\/ -->\n<title>Transparencia e informaci\u00f3n de cobertura - Priority Partners MCO<\/title>\n<meta name=\"description\" content=\"Descubre c\u00f3mo se toman las decisiones de cobertura en Priority Partners. Consulta los informes de autorizaci\u00f3n previa, incluyendo aprobaciones, denegaciones y tiempos de respuesta.\" \/>\n<meta name=\"robots\" content=\"index, follow, max-snippet:-1, max-image-preview:large, max-video-preview:-1\" \/>\n<link rel=\"canonical\" href=\"https:\/\/www.ppmco.org\/es\/transparencia-informacion-de-cobertura\/\" \/>\n<meta property=\"og:locale\" content=\"es_ES\" \/>\n<meta property=\"og:type\" content=\"article\" \/>\n<meta property=\"og:title\" content=\"Transparencia e informaci\u00f3n de cobertura - Priority Partners MCO\" \/>\n<meta property=\"og:description\" content=\"Descubre c\u00f3mo se toman las decisiones de cobertura en Priority Partners. Consulta los informes de autorizaci\u00f3n previa, incluyendo aprobaciones, denegaciones y tiempos de respuesta.\" \/>\n<meta property=\"og:url\" content=\"https:\/\/www.ppmco.org\/es\/transparencia-informacion-de-cobertura\/\" \/>\n<meta property=\"og:site_name\" content=\"Priority Partners MCO\" \/>\n<meta property=\"article:publisher\" content=\"https:\/\/www.facebook.com\/PriorityPartners\" \/>\n<meta property=\"article:modified_time\" content=\"2026-03-31T20:26:41+00:00\" \/>\n<meta property=\"og:image\" content=\"https:\/\/www.ppmco.org\/wp-content\/uploads\/2022\/11\/PPMCO_Social-Preview_facebook-1.jpg\" \/>\n\t<meta property=\"og:image:width\" content=\"1600\" \/>\n\t<meta property=\"og:image:height\" content=\"840\" \/>\n\t<meta property=\"og:image:type\" content=\"image\/jpeg\" \/>\n<meta name=\"twitter:card\" content=\"summary_large_image\" \/>\n<meta name=\"twitter:label1\" content=\"Tiempo de lectura\" \/>\n\t<meta name=\"twitter:data1\" content=\"1 minuto\" \/>\n<script type=\"application\/ld+json\" class=\"yoast-schema-graph\">{\"@context\":\"https:\\\/\\\/schema.org\",\"@graph\":[{\"@type\":\"WebPage\",\"@id\":\"https:\\\/\\\/www.ppmco.org\\\/es\\\/transparencia-informacion-de-cobertura\\\/\",\"url\":\"https:\\\/\\\/www.ppmco.org\\\/es\\\/transparencia-informacion-de-cobertura\\\/\",\"name\":\"Transparencia e informaci\u00f3n de cobertura - Priority Partners MCO\",\"isPartOf\":{\"@id\":\"https:\\\/\\\/www.ppmco.org\\\/#website\"},\"datePublished\":\"2026-03-30T18:58:18+00:00\",\"dateModified\":\"2026-03-31T20:26:41+00:00\",\"description\":\"Descubre c\u00f3mo se toman las decisiones de cobertura en Priority Partners. Consulta los informes de autorizaci\u00f3n previa, incluyendo aprobaciones, denegaciones y tiempos de respuesta.\",\"breadcrumb\":{\"@id\":\"https:\\\/\\\/www.ppmco.org\\\/es\\\/transparencia-informacion-de-cobertura\\\/#breadcrumb\"},\"inLanguage\":\"es\",\"potentialAction\":[{\"@type\":\"ReadAction\",\"target\":[\"https:\\\/\\\/www.ppmco.org\\\/es\\\/transparencia-informacion-de-cobertura\\\/\"]}]},{\"@type\":\"BreadcrumbList\",\"@id\":\"https:\\\/\\\/www.ppmco.org\\\/es\\\/transparencia-informacion-de-cobertura\\\/#breadcrumb\",\"itemListElement\":[{\"@type\":\"ListItem\",\"position\":1,\"name\":\"Home\",\"item\":\"https:\\\/\\\/www.ppmco.org\\\/es\\\/\"},{\"@type\":\"ListItem\",\"position\":2,\"name\":\"Transparencia e informaci\u00f3n de cobertura\"}]},{\"@type\":\"WebSite\",\"@id\":\"https:\\\/\\\/www.ppmco.org\\\/#website\",\"url\":\"https:\\\/\\\/www.ppmco.org\\\/\",\"name\":\"Priority Partners MCO\",\"description\":\"Low and no-cost healthcare for qualified Maryland residents\",\"publisher\":{\"@id\":\"https:\\\/\\\/www.ppmco.org\\\/#organization\"},\"alternateName\":\"PPMCO\",\"potentialAction\":[{\"@type\":\"SearchAction\",\"target\":{\"@type\":\"EntryPoint\",\"urlTemplate\":\"https:\\\/\\\/www.ppmco.org\\\/?s={search_term_string}\"},\"query-input\":{\"@type\":\"PropertyValueSpecification\",\"valueRequired\":true,\"valueName\":\"search_term_string\"}}],\"inLanguage\":\"es\"},{\"@type\":\"Organization\",\"@id\":\"https:\\\/\\\/www.ppmco.org\\\/#organization\",\"name\":\"Priority Partners MCO\",\"url\":\"https:\\\/\\\/www.ppmco.org\\\/\",\"logo\":{\"@type\":\"ImageObject\",\"inLanguage\":\"es\",\"@id\":\"https:\\\/\\\/www.ppmco.org\\\/#\\\/schema\\\/logo\\\/image\\\/\",\"url\":\"https:\\\/\\\/www.ppmco.org\\\/wp-content\\\/uploads\\\/2022\\\/03\\\/logo.png\",\"contentUrl\":\"https:\\\/\\\/www.ppmco.org\\\/wp-content\\\/uploads\\\/2022\\\/03\\\/logo.png\",\"width\":635,\"height\":177,\"caption\":\"Priority Partners MCO\"},\"image\":{\"@id\":\"https:\\\/\\\/www.ppmco.org\\\/#\\\/schema\\\/logo\\\/image\\\/\"},\"sameAs\":[\"https:\\\/\\\/www.facebook.com\\\/PriorityPartners\",\"https:\\\/\\\/www.youtube.com\\\/user\\\/PriorityPartners\",\"https:\\\/\\\/www.instagram.com\\\/prioritypartners\\\/\"]}]}<\/script>\n<!-- \/ Yoast SEO plugin. -->","yoast_head_json":{"title":"Transparencia e informaci\u00f3n de cobertura - Priority Partners MCO","description":"Descubre c\u00f3mo se toman las decisiones de cobertura en Priority Partners. Consulta los informes de autorizaci\u00f3n previa, incluyendo aprobaciones, denegaciones y tiempos de respuesta.","robots":{"index":"index","follow":"follow","max-snippet":"max-snippet:-1","max-image-preview":"max-image-preview:large","max-video-preview":"max-video-preview:-1"},"canonical":"https:\/\/www.ppmco.org\/es\/transparencia-informacion-de-cobertura\/","og_locale":"es_ES","og_type":"article","og_title":"Transparencia e informaci\u00f3n de cobertura - Priority Partners MCO","og_description":"Descubre c\u00f3mo se toman las decisiones de cobertura en Priority Partners. Consulta los informes de autorizaci\u00f3n previa, incluyendo aprobaciones, denegaciones y tiempos de respuesta.","og_url":"https:\/\/www.ppmco.org\/es\/transparencia-informacion-de-cobertura\/","og_site_name":"Priority Partners MCO","article_publisher":"https:\/\/www.facebook.com\/PriorityPartners","article_modified_time":"2026-03-31T20:26:41+00:00","og_image":[{"width":1600,"height":840,"url":"https:\/\/www.ppmco.org\/wp-content\/uploads\/2022\/11\/PPMCO_Social-Preview_facebook-1.jpg","type":"image\/jpeg"}],"twitter_card":"summary_large_image","twitter_misc":{"Tiempo de lectura":"1 minuto"},"schema":{"@context":"https:\/\/schema.org","@graph":[{"@type":"WebPage","@id":"https:\/\/www.ppmco.org\/es\/transparencia-informacion-de-cobertura\/","url":"https:\/\/www.ppmco.org\/es\/transparencia-informacion-de-cobertura\/","name":"Transparencia e informaci\u00f3n de cobertura - Priority Partners MCO","isPartOf":{"@id":"https:\/\/www.ppmco.org\/#website"},"datePublished":"2026-03-30T18:58:18+00:00","dateModified":"2026-03-31T20:26:41+00:00","description":"Descubre c\u00f3mo se toman las decisiones de cobertura en Priority Partners. Consulta los informes de autorizaci\u00f3n previa, incluyendo aprobaciones, denegaciones y tiempos de respuesta.","breadcrumb":{"@id":"https:\/\/www.ppmco.org\/es\/transparencia-informacion-de-cobertura\/#breadcrumb"},"inLanguage":"es","potentialAction":[{"@type":"ReadAction","target":["https:\/\/www.ppmco.org\/es\/transparencia-informacion-de-cobertura\/"]}]},{"@type":"BreadcrumbList","@id":"https:\/\/www.ppmco.org\/es\/transparencia-informacion-de-cobertura\/#breadcrumb","itemListElement":[{"@type":"ListItem","position":1,"name":"Home","item":"https:\/\/www.ppmco.org\/es\/"},{"@type":"ListItem","position":2,"name":"Transparencia e informaci\u00f3n de cobertura"}]},{"@type":"WebSite","@id":"https:\/\/www.ppmco.org\/#website","url":"https:\/\/www.ppmco.org\/","name":"Priority Partners MCO","description":"Low and no-cost healthcare for qualified Maryland residents","publisher":{"@id":"https:\/\/www.ppmco.org\/#organization"},"alternateName":"PPMCO","potentialAction":[{"@type":"SearchAction","target":{"@type":"EntryPoint","urlTemplate":"https:\/\/www.ppmco.org\/?s={search_term_string}"},"query-input":{"@type":"PropertyValueSpecification","valueRequired":true,"valueName":"search_term_string"}}],"inLanguage":"es"},{"@type":"Organization","@id":"https:\/\/www.ppmco.org\/#organization","name":"Priority Partners MCO","url":"https:\/\/www.ppmco.org\/","logo":{"@type":"ImageObject","inLanguage":"es","@id":"https:\/\/www.ppmco.org\/#\/schema\/logo\/image\/","url":"https:\/\/www.ppmco.org\/wp-content\/uploads\/2022\/03\/logo.png","contentUrl":"https:\/\/www.ppmco.org\/wp-content\/uploads\/2022\/03\/logo.png","width":635,"height":177,"caption":"Priority Partners MCO"},"image":{"@id":"https:\/\/www.ppmco.org\/#\/schema\/logo\/image\/"},"sameAs":["https:\/\/www.facebook.com\/PriorityPartners","https:\/\/www.youtube.com\/user\/PriorityPartners","https:\/\/www.instagram.com\/prioritypartners\/"]}]}},"_links":{"self":[{"href":"https:\/\/www.ppmco.org\/es\/wp-json\/wp\/v2\/pages\/99917857","targetHints":{"allow":["GET"]}}],"collection":[{"href":"https:\/\/www.ppmco.org\/es\/wp-json\/wp\/v2\/pages"}],"about":[{"href":"https:\/\/www.ppmco.org\/es\/wp-json\/wp\/v2\/types\/page"}],"author":[{"embeddable":true,"href":"https:\/\/www.ppmco.org\/es\/wp-json\/wp\/v2\/users\/9"}],"replies":[{"embeddable":true,"href":"https:\/\/www.ppmco.org\/es\/wp-json\/wp\/v2\/comments?post=99917857"}],"version-history":[{"count":5,"href":"https:\/\/www.ppmco.org\/es\/wp-json\/wp\/v2\/pages\/99917857\/revisions"}],"predecessor-version":[{"id":99917875,"href":"https:\/\/www.ppmco.org\/es\/wp-json\/wp\/v2\/pages\/99917857\/revisions\/99917875"}],"wp:attachment":[{"href":"https:\/\/www.ppmco.org\/es\/wp-json\/wp\/v2\/media?parent=99917857"}],"curies":[{"name":"wp","href":"https:\/\/api.w.org\/{rel}","templated":true}]}}